{"id":1055,"date":"2022-05-26T18:45:28","date_gmt":"2022-05-26T18:45:28","guid":{"rendered":"https:\/\/hools.be\/?page_id=1055"},"modified":"2022-05-26T18:45:28","modified_gmt":"2022-05-26T18:45:28","slug":"soliha","status":"publish","type":"page","link":"https:\/\/hools.be\/index.php\/soliha\/","title":{"rendered":"soliha"},"content":{"rendered":"<p>reportage fait pour Soliha&nbsp;<br \/>\n<em>SOLIHA M\u00e9tropole Nord est une association cinquantenaire et d\u00e9veloppe sur le territoire de la M\u00e9tropole Europ\u00e9enne de Lille ses missions d\u2019utilit\u00e9 sociale et d\u2019int\u00e9r\u00eat g\u00e9n\u00e9ral, afin d\u2019accueillir et d\u2019accompagner par l\u2019habitat, dans le respect, les personnes les plus d\u00e9munies et les plus vuln\u00e9rables<\/em><\/p>\n<p>https:\/\/www.solihamn.fr\/&nbsp;<\/p>\nngg_shortcode_0_placeholder\n","protected":false},"excerpt":{"rendered":"<p>reportage fait pour Soliha&nbsp; SOLIHA M\u00e9tropole Nord est une association cinquantenaire et d\u00e9veloppe sur le territoire de la M\u00e9tropole Europ\u00e9enne de Lille ses missions d\u2019utilit\u00e9 sociale et d\u2019int\u00e9r\u00eat g\u00e9n\u00e9ral, afin d\u2019accueillir et d\u2019accompagner par l\u2019habitat, dans le respect, les personnes les plus d\u00e9munies et les plus vuln\u00e9rables https:\/\/www.solihamn.fr\/&nbsp;<\/p>\n","protected":false},"author":1,"featured_media":0,"parent":0,"menu_order":0,"comment_status":"closed","ping_status":"closed","template":"","meta":{"passster_activate_protection":false,"passster_protect_child_pages":"","passster_protection_type":"password","passster_password":"","passster_activate_overwrite_defaults":"","passster_headline":"","passster_instruction":"","passster_placeholder":"","passster_button":"","passster_id":"","passster_activate_misc_settings":"","passster_redirect_url":"","passster_hide":"no","passster_area_shortcode":"","ngg_post_thumbnail":0,"slim_seo":{"title":"soliha","description":"reportage fait pour Soliha&nbsp; SOLIHA M\u00e9tropole Nord est une association cinquantenaire et d\u00e9veloppe sur le territoire de la M\u00e9tropole Europ\u00e9enne de Lille ses"},"footnotes":""},"class_list":["post-1055","page","type-page","status-publish","hentry"],"yoast_head":"<!-- This site is optimized with the Yoast SEO plugin v25.9 - https:\/\/yoast.com\/wordpress\/plugins\/seo\/ -->\n<title>soliha -<\/title>\n<meta name=\"robots\" content=\"index, follow, max-snippet:-1, max-image-preview:large, max-video-preview:-1\" \/>\n<link rel=\"canonical\" href=\"https:\/\/hools.be\/index.php\/soliha\/\" \/>\n<meta property=\"og:locale\" content=\"en_GB\" \/>\n<meta property=\"og:type\" content=\"article\" \/>\n<meta property=\"og:title\" content=\"soliha -\" \/>\n<meta property=\"og:description\" content=\"reportage fait pour Soliha&nbsp; SOLIHA M\u00e9tropole Nord est une association cinquantenaire et d\u00e9veloppe sur le territoire de la M\u00e9tropole Europ\u00e9enne de Lille ses missions d\u2019utilit\u00e9 sociale et d\u2019int\u00e9r\u00eat g\u00e9n\u00e9ral, afin d\u2019accueillir et d\u2019accompagner par l\u2019habitat, dans le respect, les personnes les plus d\u00e9munies et les plus vuln\u00e9rables https:\/\/www.solihamn.fr\/&nbsp;\" \/>\n<meta property=\"og:url\" content=\"https:\/\/hools.be\/index.php\/soliha\/\" \/>\n<meta name=\"twitter:card\" content=\"summary_large_image\" \/>\n<script type=\"application\/ld+json\" class=\"yoast-schema-graph\">{\"@context\":\"https:\/\/schema.org\",\"@graph\":[{\"@type\":\"WebPage\",\"@id\":\"https:\/\/hools.be\/index.php\/soliha\/\",\"url\":\"https:\/\/hools.be\/index.php\/soliha\/\",\"name\":\"soliha -\",\"isPartOf\":{\"@id\":\"https:\/\/hools.be\/#website\"},\"datePublished\":\"2022-05-26T18:45:28+00:00\",\"breadcrumb\":{\"@id\":\"https:\/\/hools.be\/index.php\/soliha\/#breadcrumb\"},\"inLanguage\":\"en-GB\",\"potentialAction\":[{\"@type\":\"ReadAction\",\"target\":[\"https:\/\/hools.be\/index.php\/soliha\/\"]}]},{\"@type\":\"BreadcrumbList\",\"@id\":\"https:\/\/hools.be\/index.php\/soliha\/#breadcrumb\",\"itemListElement\":[{\"@type\":\"ListItem\",\"position\":1,\"name\":\"Home\",\"item\":\"https:\/\/hools.be\/\"},{\"@type\":\"ListItem\",\"position\":2,\"name\":\"soliha\"}]},{\"@type\":\"WebSite\",\"@id\":\"https:\/\/hools.be\/#website\",\"url\":\"https:\/\/hools.be\/\",\"name\":\"\",\"description\":\"hools  Julian Hills website\",\"potentialAction\":[{\"@type\":\"SearchAction\",\"target\":{\"@type\":\"EntryPoint\",\"urlTemplate\":\"https:\/\/hools.be\/?s={search_term_string}\"},\"query-input\":{\"@type\":\"PropertyValueSpecification\",\"valueRequired\":true,\"valueName\":\"search_term_string\"}}],\"inLanguage\":\"en-GB\"}]}<\/script>\n<!-- \/ Yoast SEO plugin. -->","yoast_head_json":{"title":"soliha -","robots":{"index":"index","follow":"follow","max-snippet":"max-snippet:-1","max-image-preview":"max-image-preview:large","max-video-preview":"max-video-preview:-1"},"canonical":"https:\/\/hools.be\/index.php\/soliha\/","og_locale":"en_GB","og_type":"article","og_title":"soliha -","og_description":"reportage fait pour Soliha&nbsp; SOLIHA M\u00e9tropole Nord est une association cinquantenaire et d\u00e9veloppe sur le territoire de la M\u00e9tropole Europ\u00e9enne de Lille ses missions d\u2019utilit\u00e9 sociale et d\u2019int\u00e9r\u00eat g\u00e9n\u00e9ral, afin d\u2019accueillir et d\u2019accompagner par l\u2019habitat, dans le respect, les personnes les plus d\u00e9munies et les plus vuln\u00e9rables https:\/\/www.solihamn.fr\/&nbsp;","og_url":"https:\/\/hools.be\/index.php\/soliha\/","twitter_card":"summary_large_image","schema":{"@context":"https:\/\/schema.org","@graph":[{"@type":"WebPage","@id":"https:\/\/hools.be\/index.php\/soliha\/","url":"https:\/\/hools.be\/index.php\/soliha\/","name":"soliha -","isPartOf":{"@id":"https:\/\/hools.be\/#website"},"datePublished":"2022-05-26T18:45:28+00:00","breadcrumb":{"@id":"https:\/\/hools.be\/index.php\/soliha\/#breadcrumb"},"inLanguage":"en-GB","potentialAction":[{"@type":"ReadAction","target":["https:\/\/hools.be\/index.php\/soliha\/"]}]},{"@type":"BreadcrumbList","@id":"https:\/\/hools.be\/index.php\/soliha\/#breadcrumb","itemListElement":[{"@type":"ListItem","position":1,"name":"Home","item":"https:\/\/hools.be\/"},{"@type":"ListItem","position":2,"name":"soliha"}]},{"@type":"WebSite","@id":"https:\/\/hools.be\/#website","url":"https:\/\/hools.be\/","name":"","description":"hools  Julian Hills website","potentialAction":[{"@type":"SearchAction","target":{"@type":"EntryPoint","urlTemplate":"https:\/\/hools.be\/?s={search_term_string}"},"query-input":{"@type":"PropertyValueSpecification","valueRequired":true,"valueName":"search_term_string"}}],"inLanguage":"en-GB"}]}},"_links":{"self":[{"href":"https:\/\/hools.be\/index.php\/wp-json\/wp\/v2\/pages\/1055","targetHints":{"allow":["GET"]}}],"collection":[{"href":"https:\/\/hools.be\/index.php\/wp-json\/wp\/v2\/pages"}],"about":[{"href":"https:\/\/hools.be\/index.php\/wp-json\/wp\/v2\/types\/page"}],"author":[{"embeddable":true,"href":"https:\/\/hools.be\/index.php\/wp-json\/wp\/v2\/users\/1"}],"replies":[{"embeddable":true,"href":"https:\/\/hools.be\/index.php\/wp-json\/wp\/v2\/comments?post=1055"}],"version-history":[{"count":0,"href":"https:\/\/hools.be\/index.php\/wp-json\/wp\/v2\/pages\/1055\/revisions"}],"wp:attachment":[{"href":"https:\/\/hools.be\/index.php\/wp-json\/wp\/v2\/media?parent=1055"}],"curies":[{"name":"wp","href":"https:\/\/api.w.org\/{rel}","templated":true}]}}