{"id":12,"date":"2020-10-08T16:39:19","date_gmt":"2020-10-08T16:39:19","guid":{"rendered":"http:\/\/hools.be\/?page_id=12"},"modified":"2023-09-14T14:45:57","modified_gmt":"2023-09-14T14:45:57","slug":"about","status":"publish","type":"page","link":"https:\/\/hools.be\/index.php\/about\/","title":{"rendered":"about"},"content":{"rendered":"<h4>julian hills photographer website<\/h4>\r\n<p><img loading=\"lazy\" decoding=\"async\" class=\"alignnone size-medium wp-image-473\" src=\"https:\/\/hools.be\/wp-content\/uploads\/2022\/02\/julian-300x203.jpg\" alt=\"julian\" width=\"300\" height=\"203\" srcset=\"https:\/\/hools.be\/wp-content\/uploads\/2022\/02\/julian-300x203.jpg 300w, https:\/\/hools.be\/wp-content\/uploads\/2022\/02\/julian-1024x693.jpg 1024w, https:\/\/hools.be\/wp-content\/uploads\/2022\/02\/julian-768x520.jpg 768w, https:\/\/hools.be\/wp-content\/uploads\/2022\/02\/julian-1536x1040.jpg 1536w, https:\/\/hools.be\/wp-content\/uploads\/2022\/02\/julian-2048x1387.jpg 2048w\" sizes=\"auto, (max-width: 300px) 100vw, 300px\" \/><\/p>\r\n<hr>\r\n<p>I am Julian Hills &#8211; &#8220;hools&#8221; -, a <em>Brusseleer<\/em> of English origin, photographer&nbsp; devoting myself mainly to social and charitable photography. It is in these exchanges that I find the emotions that I love and that inspire me. I work with organisations such as ATD Fourth World, Beyond the Clouds, The Cancer Foundation, Make a Wish, Bikers for Children, Justine for Kids, Down syndrome foundation, Nos Pilifs, Fondation Lou, Le Huiti\u00e8me Jour, &#8230; I have participated in numerous exhibitions, including the Belgian National Theatre and the International Center of Photography in New York; won a bronze award at the Tokyo International Competition and published a book: &#8220;ordinary people&#8221;. I work professionally for families, corporate and portraits and I enjoy working as a set photographer on film and TV shoots. Being musician I also enjoy stage photography; live gigs and also identity and promo work for artists.&nbsp; And I am always happy to take photos of surrounding animals &amp; landscapes.&nbsp; &nbsp;<\/p>\r\n<hr>\r\n<p>Je suis Julian Hills &#8211; &#8220;hools&#8221; -, un <em>Brusseleer<\/em> d&#8217;origine anglaise, photographe se consacrant principalement \u00e0 la photographie sociale et caritative. C&#8217;est dans ces \u00e9changes que je trouve les \u00e9motions que j&#8217;aime et qui m&#8217;inspirent. Je travaille avec des organisations telles que ATD Quart Monde, Audel\u00e0 des Nuages, La Fondation contre le Cancer, Make a Wish, Bikers for Children, Justine for Kids, Down syndrome foundation, Nos Pilifs, Fondation Lou, Le Huiti\u00e8me Jour, HappyCurien&#8230; J&#8217;ai particip\u00e9 \u00e0 de nombreuses expositions, notamment au Th\u00e9\u00e2tre national de Belgique et \u00e0 l&#8217;International Center of Photography de New York ; j&#8217;ai remport\u00e9 un prix de bronze au concours international de Tokyo et publi\u00e9 un livre : &#8220;ordinary people&#8221;. Je travaille professionnellement pour des familles, des entreprises et des portraits et j&#8217;aime beaucoup travailler comme photographe de plateau sur des tournages de films et de s\u00e9ries. En tant que musicien, j&#8217;aime aussi la photographie de sc\u00e8ne, les concerts et le travail d&#8217;identit\u00e9 et de promotion pour les artistes.&nbsp; Et je suis toujours heureux de prendre des photos des animaux et des paysages environnants.&nbsp;<\/p>\r\n<hr>\r\n<p>Ik ben Julian Hills &#8211; &#8220;hools&#8221; -, een Brusselaar van Engelse origine en fotograaf die zich voornamelijk wijdt aan sociale en liefdadigheidsfotografie. Het is in deze uitwisselingen dat ik de emoties vind waar ik van hou en die mij inspireren. Ik werk samen met organisaties zoals ATD Vierde Wereld, Boven de Wolken, The Cancer Foundation, Make a Wish, Bikers for Children, Justine for Kids, Stichting Downsyndroom, Nos Pilifs, Fondation Lou, Le Huiti\u00e8me Jour, &#8230; Ik heb deelgenomen aan talrijke tentoonstellingen, waaronder het Belgisch Nationaal Theater en het International Center of Photography in New York; won een bronzen medaille op de Internationale Wedstrijd van Tokio en publiceerde een boek: &#8220;gewone mensen&#8221;. Ik werk als professioneel fotograaf voor families, bedrijven en portretten en Ik werk graag als setfotograaf bij film- en tv-opnames. Als muzikant geniet ik ook van podiumfotografie; live optredens en ook portret- en promotiewerk voor artiesten. Foto&#8217;s te maken van dieren en landschappen maken mij ook altijd blij.<\/p>\r\n<hr>\r\n<p>article presse RTBF July 2022&nbsp;<\/p>\r\n<p><a href=\"https:\/\/www.rtbf.be\/article\/julian-hills-le-photographe-qui-rend-les-gens-ordinaires-extraordinaires-11024772\" target=\"_blank\" rel=\"noopener\"><img loading=\"lazy\" decoding=\"async\" class=\"alignnone wp-image-1423\" title=\"Article RTBF\" src=\"https:\/\/hools.be\/wp-content\/uploads\/2022\/08\/Screenshot-2022-08-22-at-12.04.15.png\" alt=\"Screenshot 2022-08-22 at 12.04.15\" width=\"468\" height=\"381\" srcset=\"https:\/\/hools.be\/wp-content\/uploads\/2022\/08\/Screenshot-2022-08-22-at-12.04.15.png 1520w, https:\/\/hools.be\/wp-content\/uploads\/2022\/08\/Screenshot-2022-08-22-at-12.04.15-300x244.png 300w, https:\/\/hools.be\/wp-content\/uploads\/2022\/08\/Screenshot-2022-08-22-at-12.04.15-1024x834.png 1024w, https:\/\/hools.be\/wp-content\/uploads\/2022\/08\/Screenshot-2022-08-22-at-12.04.15-768x626.png 768w\" sizes=\"auto, (max-width: 468px) 100vw, 468px\" \/><\/a><\/p>\r\n<hr>\r\n<p>tv interview&nbsp;<a href=\"https:\/\/www.facebook.com\/RDVCN\/videos\/880048312161028\/?hc_ref=ARRUeOmz1WPc-W1jTIhTgstqK-fT7fgywKjTuFWZjQYJJM7Q0rDe5Sa0FrD5-U6ANUc&amp;__xts__[0]=68.ARBLaisZ8yuNdimzaMsq4fVL_1unbO1CURfFl5tidVZQmMnl7uykjuaaqoQuqeL_ffQoeM52T3jsKQb6CxfaosHxR-jRCNZX_QVJI0d8t8XrRCjSRfzXfrAQrYLBqct8gQAzuXUogBNHZk7oApPnSccBmm6Vv28bHzoKcnY8A75N2o_vi-FwuX-c3S5Xxmc13Lj5dS4SdHn7r13k1FeMZKeQ_gUDxl-DbnmGU7XHgdEAxukJ4N1UBhyomtbiHC672ItO6V6K5iFNWpJWdSSKW_JsrRBvh5qMCjY3GtUZaEtkSx7QeNKBl55qWdipG2ivZQeiun9lxQ3FPsdnTPWye5nqBkcZEuQFuivdEOgV_5kNUm41fO9gTByU0UyL_dd5kgVYm7q5zGp6gffD7r4M25qBPKxRlBtAlax4EMIIiKl4FKNTprzwdQB2PMM-F1yklbIEY7kX_wv79Ky9XNmNO1qLEEVtsQ8DceaNK3Vv9s6ZJ3TYjjJXirVv8SrRt4H_uUQ&amp;__tn__=FC-R\" target=\"_blank\" rel=\"noopener noreferrer\">Video de RDV chez nous \/ TV-Lux Septembre 2017<\/a><\/p>\r\n<hr>\r\n<h3>Contact:<\/h3>\r\n<p>Instagram: <a href=\"https:\/\/www.instagram.com\/hools.julian.photos\/\">https:\/\/www.instagram.com\/hools.julian.photos\/<\/a><\/p>\r\n<!-- \/wp:post-content -->\r\n\r\n<!-- wp:paragraph -->\r\n<p>facebook: <a href=\"https:\/\/www.facebook.com\/hools.julian.photos\/\">https:\/\/www.facebook.com\/hools.julian.photos\/&nbsp;<\/a><br><br><a href=\"mailto:hills.julian@gmail.com\">email<\/a><\/p>\r\n<!-- \/wp:paragraph -->\r\n\r\n<!-- wp:paragraph -->\r\n<p>&nbsp;<\/p>\r\n<!-- \/wp:paragraph -->\r\n\r\n<!-- wp:paragraph -->\r\n<p>&nbsp;<\/p>","protected":false},"excerpt":{"rendered":"<p>julian hills photographer website I am Julian Hills &#8211; &#8220;hools&#8221; -, a Brusseleer of English origin, photographer&nbsp; devoting myself mainly to social and charitable photography. It is in these exchanges that I find the emotions that I love and that inspire me. I work with organisations such as ATD Fourth World, Beyond the Clouds, The &hellip; <\/p>\n<p class=\"link-more\"><a href=\"https:\/\/hools.be\/index.php\/about\/\" class=\"more-link\">Continue reading<span class=\"screen-reader-text\"> &#8220;about&#8221;<\/span><\/a><\/p>\n","protected":false},"author":1,"featured_media":0,"parent":0,"menu_order":0,"comment_status":"closed","ping_status":"closed","template":"","meta":{"passster_activate_protection":false,"passster_protect_child_pages":"","passster_protection_type":"password","passster_password":"","passster_activate_overwrite_defaults":"","passster_headline":"","passster_instruction":"","passster_placeholder":"","passster_button":"","passster_id":"","passster_activate_misc_settings":"","passster_redirect_url":"","passster_hide":"no","passster_area_shortcode":"","ngg_post_thumbnail":0,"slim_seo":{"title":"about","description":"julian hills photographer website I am Julian Hills - \"hools\" -, a Brusseleer of English origin, photographer&nbsp; devoting myself mainly to social and charita"},"footnotes":""},"class_list":["post-12","page","type-page","status-publish","hentry"],"yoast_head":"<!-- This site is optimized with the Yoast SEO plugin v25.9 - https:\/\/yoast.com\/wordpress\/plugins\/seo\/ -->\n<title>about -<\/title>\n<meta name=\"robots\" content=\"index, follow, max-snippet:-1, max-image-preview:large, max-video-preview:-1\" \/>\n<link rel=\"canonical\" href=\"https:\/\/hools.be\/index.php\/about\/\" \/>\n<meta property=\"og:locale\" content=\"en_GB\" \/>\n<meta property=\"og:type\" content=\"article\" \/>\n<meta property=\"og:title\" content=\"about -\" \/>\n<meta property=\"og:description\" content=\"julian hills photographer website I am Julian Hills &#8211; &#8220;hools&#8221; -, a Brusseleer of English origin, photographer&nbsp; devoting myself mainly to social and charitable photography. It is in these exchanges that I find the emotions that I love and that inspire me. I work with organisations such as ATD Fourth World, Beyond the Clouds, The &hellip; Continue reading &quot;about&quot;\" \/>\n<meta property=\"og:url\" content=\"https:\/\/hools.be\/index.php\/about\/\" \/>\n<meta property=\"article:modified_time\" content=\"2023-09-14T14:45:57+00:00\" \/>\n<meta property=\"og:image\" content=\"https:\/\/hools.be\/wp-content\/uploads\/2022\/02\/julian-300x203.jpg\" \/>\n<meta name=\"twitter:card\" content=\"summary_large_image\" \/>\n<meta name=\"twitter:label1\" content=\"Estimated reading time\" \/>\n\t<meta name=\"twitter:data1\" content=\"3 minutes\" \/>\n<script type=\"application\/ld+json\" class=\"yoast-schema-graph\">{\"@context\":\"https:\/\/schema.org\",\"@graph\":[{\"@type\":\"WebPage\",\"@id\":\"https:\/\/hools.be\/index.php\/about\/\",\"url\":\"https:\/\/hools.be\/index.php\/about\/\",\"name\":\"about -\",\"isPartOf\":{\"@id\":\"https:\/\/hools.be\/#website\"},\"primaryImageOfPage\":{\"@id\":\"https:\/\/hools.be\/index.php\/about\/#primaryimage\"},\"image\":{\"@id\":\"https:\/\/hools.be\/index.php\/about\/#primaryimage\"},\"thumbnailUrl\":\"https:\/\/hools.be\/wp-content\/uploads\/2022\/02\/julian-300x203.jpg\",\"datePublished\":\"2020-10-08T16:39:19+00:00\",\"dateModified\":\"2023-09-14T14:45:57+00:00\",\"breadcrumb\":{\"@id\":\"https:\/\/hools.be\/index.php\/about\/#breadcrumb\"},\"inLanguage\":\"en-GB\",\"potentialAction\":[{\"@type\":\"ReadAction\",\"target\":[\"https:\/\/hools.be\/index.php\/about\/\"]}]},{\"@type\":\"ImageObject\",\"inLanguage\":\"en-GB\",\"@id\":\"https:\/\/hools.be\/index.php\/about\/#primaryimage\",\"url\":\"https:\/\/hools.be\/wp-content\/uploads\/2022\/02\/julian.jpg\",\"contentUrl\":\"https:\/\/hools.be\/wp-content\/uploads\/2022\/02\/julian.jpg\",\"width\":2196,\"height\":1487},{\"@type\":\"BreadcrumbList\",\"@id\":\"https:\/\/hools.be\/index.php\/about\/#breadcrumb\",\"itemListElement\":[{\"@type\":\"ListItem\",\"position\":1,\"name\":\"Home\",\"item\":\"https:\/\/hools.be\/\"},{\"@type\":\"ListItem\",\"position\":2,\"name\":\"about\"}]},{\"@type\":\"WebSite\",\"@id\":\"https:\/\/hools.be\/#website\",\"url\":\"https:\/\/hools.be\/\",\"name\":\"\",\"description\":\"hools  Julian Hills website\",\"potentialAction\":[{\"@type\":\"SearchAction\",\"target\":{\"@type\":\"EntryPoint\",\"urlTemplate\":\"https:\/\/hools.be\/?s={search_term_string}\"},\"query-input\":{\"@type\":\"PropertyValueSpecification\",\"valueRequired\":true,\"valueName\":\"search_term_string\"}}],\"inLanguage\":\"en-GB\"}]}<\/script>\n<!-- \/ Yoast SEO plugin. -->","yoast_head_json":{"title":"about -","robots":{"index":"index","follow":"follow","max-snippet":"max-snippet:-1","max-image-preview":"max-image-preview:large","max-video-preview":"max-video-preview:-1"},"canonical":"https:\/\/hools.be\/index.php\/about\/","og_locale":"en_GB","og_type":"article","og_title":"about -","og_description":"julian hills photographer website I am Julian Hills &#8211; &#8220;hools&#8221; -, a Brusseleer of English origin, photographer&nbsp; devoting myself mainly to social and charitable photography. It is in these exchanges that I find the emotions that I love and that inspire me. I work with organisations such as ATD Fourth World, Beyond the Clouds, The &hellip; Continue reading \"about\"","og_url":"https:\/\/hools.be\/index.php\/about\/","article_modified_time":"2023-09-14T14:45:57+00:00","og_image":[{"url":"https:\/\/hools.be\/wp-content\/uploads\/2022\/02\/julian-300x203.jpg","type":"","width":"","height":""}],"twitter_card":"summary_large_image","twitter_misc":{"Estimated reading time":"3 minutes"},"schema":{"@context":"https:\/\/schema.org","@graph":[{"@type":"WebPage","@id":"https:\/\/hools.be\/index.php\/about\/","url":"https:\/\/hools.be\/index.php\/about\/","name":"about -","isPartOf":{"@id":"https:\/\/hools.be\/#website"},"primaryImageOfPage":{"@id":"https:\/\/hools.be\/index.php\/about\/#primaryimage"},"image":{"@id":"https:\/\/hools.be\/index.php\/about\/#primaryimage"},"thumbnailUrl":"https:\/\/hools.be\/wp-content\/uploads\/2022\/02\/julian-300x203.jpg","datePublished":"2020-10-08T16:39:19+00:00","dateModified":"2023-09-14T14:45:57+00:00","breadcrumb":{"@id":"https:\/\/hools.be\/index.php\/about\/#breadcrumb"},"inLanguage":"en-GB","potentialAction":[{"@type":"ReadAction","target":["https:\/\/hools.be\/index.php\/about\/"]}]},{"@type":"ImageObject","inLanguage":"en-GB","@id":"https:\/\/hools.be\/index.php\/about\/#primaryimage","url":"https:\/\/hools.be\/wp-content\/uploads\/2022\/02\/julian.jpg","contentUrl":"https:\/\/hools.be\/wp-content\/uploads\/2022\/02\/julian.jpg","width":2196,"height":1487},{"@type":"BreadcrumbList","@id":"https:\/\/hools.be\/index.php\/about\/#breadcrumb","itemListElement":[{"@type":"ListItem","position":1,"name":"Home","item":"https:\/\/hools.be\/"},{"@type":"ListItem","position":2,"name":"about"}]},{"@type":"WebSite","@id":"https:\/\/hools.be\/#website","url":"https:\/\/hools.be\/","name":"","description":"hools  Julian Hills website","potentialAction":[{"@type":"SearchAction","target":{"@type":"EntryPoint","urlTemplate":"https:\/\/hools.be\/?s={search_term_string}"},"query-input":{"@type":"PropertyValueSpecification","valueRequired":true,"valueName":"search_term_string"}}],"inLanguage":"en-GB"}]}},"_links":{"self":[{"href":"https:\/\/hools.be\/index.php\/wp-json\/wp\/v2\/pages\/12","targetHints":{"allow":["GET"]}}],"collection":[{"href":"https:\/\/hools.be\/index.php\/wp-json\/wp\/v2\/pages"}],"about":[{"href":"https:\/\/hools.be\/index.php\/wp-json\/wp\/v2\/types\/page"}],"author":[{"embeddable":true,"href":"https:\/\/hools.be\/index.php\/wp-json\/wp\/v2\/users\/1"}],"replies":[{"embeddable":true,"href":"https:\/\/hools.be\/index.php\/wp-json\/wp\/v2\/comments?post=12"}],"version-history":[{"count":0,"href":"https:\/\/hools.be\/index.php\/wp-json\/wp\/v2\/pages\/12\/revisions"}],"wp:attachment":[{"href":"https:\/\/hools.be\/index.php\/wp-json\/wp\/v2\/media?parent=12"}],"curies":[{"name":"wp","href":"https:\/\/api.w.org\/{rel}","templated":true}]}}