{"id":2587,"date":"2023-05-02T10:56:58","date_gmt":"2023-05-02T10:56:58","guid":{"rendered":"https:\/\/hools.be\/?page_id=2587"},"modified":"2023-09-14T15:34:15","modified_gmt":"2023-09-14T15:34:15","slug":"make-a-wish-world-wish-day","status":"publish","type":"page","link":"https:\/\/hools.be\/index.php\/make-a-wish-world-wish-day\/","title":{"rendered":"Make a Wish * World Wish Day *"},"content":{"rendered":"<div class=\"xdj266r x11i5rnm xat24cr x1mh8g0r x1vvkbs x126k92a\">\n<div dir=\"auto\">Manneken-Pis re\u00e7oit aujourd&#8217;hui un nouveau costume de l&#8217;association &#8220;Make-A-Wish&#8221; \u00e0 l&#8217;occasion de la &#8220;World Wish Day&#8221;.<\/div>\n<\/div>\n<div class=\"x11i5rnm xat24cr x1mh8g0r x1vvkbs xtlvy1s x126k92a\">\n<div dir=\"auto\">Avec la sympathique pr\u00e9sence de la Princesse Delphine<\/div>\n<\/div>\n<div dir=\"auto\">ngg_shortcode_0_placeholder<\/div>\n","protected":false},"excerpt":{"rendered":"<p>Manneken-Pis re\u00e7oit aujourd&#8217;hui un nouveau costume de l&#8217;association &#8220;Make-A-Wish&#8221; \u00e0 l&#8217;occasion de la &#8220;World Wish Day&#8221;. Avec la sympathique pr\u00e9sence de la Princesse Delphine<\/p>\n","protected":false},"author":1,"featured_media":0,"parent":0,"menu_order":0,"comment_status":"closed","ping_status":"closed","template":"","meta":{"passster_activate_protection":false,"passster_protect_child_pages":"","passster_protection_type":"password","passster_password":"","passster_activate_overwrite_defaults":"","passster_headline":"","passster_instruction":"","passster_placeholder":"","passster_button":"","passster_id":"","passster_activate_misc_settings":"","passster_redirect_url":"","passster_hide":"no","passster_area_shortcode":"","ngg_post_thumbnail":0,"slim_seo":{"title":"Make a Wish * World Wish Day *","description":"Manneken-Pis re\u00e7oit aujourd'hui un nouveau costume de l'association \"Make-A-Wish\" \u00e0 l'occasion de la \"World Wish Day\". Avec la sympathique pr\u00e9sence de la Prince"},"footnotes":""},"class_list":["post-2587","page","type-page","status-publish","hentry"],"yoast_head":"<!-- This site is optimized with the Yoast SEO plugin v25.9 - https:\/\/yoast.com\/wordpress\/plugins\/seo\/ -->\n<title>Make a Wish * World Wish Day * -<\/title>\n<meta name=\"robots\" content=\"index, follow, max-snippet:-1, max-image-preview:large, max-video-preview:-1\" \/>\n<link rel=\"canonical\" href=\"https:\/\/hools.be\/index.php\/make-a-wish-world-wish-day\/\" \/>\n<meta property=\"og:locale\" content=\"en_GB\" \/>\n<meta property=\"og:type\" content=\"article\" \/>\n<meta property=\"og:title\" content=\"Make a Wish * World Wish Day * -\" \/>\n<meta property=\"og:description\" content=\"Manneken-Pis re\u00e7oit aujourd&#8217;hui un nouveau costume de l&#8217;association &#8220;Make-A-Wish&#8221; \u00e0 l&#8217;occasion de la &#8220;World Wish Day&#8221;. Avec la sympathique pr\u00e9sence de la Princesse Delphine\" \/>\n<meta property=\"og:url\" content=\"https:\/\/hools.be\/index.php\/make-a-wish-world-wish-day\/\" \/>\n<meta property=\"article:modified_time\" content=\"2023-09-14T15:34:15+00:00\" \/>\n<meta name=\"twitter:card\" content=\"summary_large_image\" \/>\n<meta name=\"twitter:label1\" content=\"Estimated reading time\" \/>\n\t<meta name=\"twitter:data1\" content=\"1 minute\" \/>\n<script type=\"application\/ld+json\" class=\"yoast-schema-graph\">{\"@context\":\"https:\/\/schema.org\",\"@graph\":[{\"@type\":\"WebPage\",\"@id\":\"https:\/\/hools.be\/index.php\/make-a-wish-world-wish-day\/\",\"url\":\"https:\/\/hools.be\/index.php\/make-a-wish-world-wish-day\/\",\"name\":\"Make a Wish * World Wish Day * -\",\"isPartOf\":{\"@id\":\"https:\/\/hools.be\/#website\"},\"datePublished\":\"2023-05-02T10:56:58+00:00\",\"dateModified\":\"2023-09-14T15:34:15+00:00\",\"breadcrumb\":{\"@id\":\"https:\/\/hools.be\/index.php\/make-a-wish-world-wish-day\/#breadcrumb\"},\"inLanguage\":\"en-GB\",\"potentialAction\":[{\"@type\":\"ReadAction\",\"target\":[\"https:\/\/hools.be\/index.php\/make-a-wish-world-wish-day\/\"]}]},{\"@type\":\"BreadcrumbList\",\"@id\":\"https:\/\/hools.be\/index.php\/make-a-wish-world-wish-day\/#breadcrumb\",\"itemListElement\":[{\"@type\":\"ListItem\",\"position\":1,\"name\":\"Home\",\"item\":\"https:\/\/hools.be\/\"},{\"@type\":\"ListItem\",\"position\":2,\"name\":\"Make a Wish * World Wish Day *\"}]},{\"@type\":\"WebSite\",\"@id\":\"https:\/\/hools.be\/#website\",\"url\":\"https:\/\/hools.be\/\",\"name\":\"\",\"description\":\"hools  Julian Hills website\",\"potentialAction\":[{\"@type\":\"SearchAction\",\"target\":{\"@type\":\"EntryPoint\",\"urlTemplate\":\"https:\/\/hools.be\/?s={search_term_string}\"},\"query-input\":{\"@type\":\"PropertyValueSpecification\",\"valueRequired\":true,\"valueName\":\"search_term_string\"}}],\"inLanguage\":\"en-GB\"}]}<\/script>\n<!-- \/ Yoast SEO plugin. -->","yoast_head_json":{"title":"Make a Wish * World Wish Day * -","robots":{"index":"index","follow":"follow","max-snippet":"max-snippet:-1","max-image-preview":"max-image-preview:large","max-video-preview":"max-video-preview:-1"},"canonical":"https:\/\/hools.be\/index.php\/make-a-wish-world-wish-day\/","og_locale":"en_GB","og_type":"article","og_title":"Make a Wish * World Wish Day * -","og_description":"Manneken-Pis re\u00e7oit aujourd&#8217;hui un nouveau costume de l&#8217;association &#8220;Make-A-Wish&#8221; \u00e0 l&#8217;occasion de la &#8220;World Wish Day&#8221;. Avec la sympathique pr\u00e9sence de la Princesse Delphine","og_url":"https:\/\/hools.be\/index.php\/make-a-wish-world-wish-day\/","article_modified_time":"2023-09-14T15:34:15+00:00","twitter_card":"summary_large_image","twitter_misc":{"Estimated reading time":"1 minute"},"schema":{"@context":"https:\/\/schema.org","@graph":[{"@type":"WebPage","@id":"https:\/\/hools.be\/index.php\/make-a-wish-world-wish-day\/","url":"https:\/\/hools.be\/index.php\/make-a-wish-world-wish-day\/","name":"Make a Wish * World Wish Day * -","isPartOf":{"@id":"https:\/\/hools.be\/#website"},"datePublished":"2023-05-02T10:56:58+00:00","dateModified":"2023-09-14T15:34:15+00:00","breadcrumb":{"@id":"https:\/\/hools.be\/index.php\/make-a-wish-world-wish-day\/#breadcrumb"},"inLanguage":"en-GB","potentialAction":[{"@type":"ReadAction","target":["https:\/\/hools.be\/index.php\/make-a-wish-world-wish-day\/"]}]},{"@type":"BreadcrumbList","@id":"https:\/\/hools.be\/index.php\/make-a-wish-world-wish-day\/#breadcrumb","itemListElement":[{"@type":"ListItem","position":1,"name":"Home","item":"https:\/\/hools.be\/"},{"@type":"ListItem","position":2,"name":"Make a Wish * World Wish Day *"}]},{"@type":"WebSite","@id":"https:\/\/hools.be\/#website","url":"https:\/\/hools.be\/","name":"","description":"hools  Julian Hills website","potentialAction":[{"@type":"SearchAction","target":{"@type":"EntryPoint","urlTemplate":"https:\/\/hools.be\/?s={search_term_string}"},"query-input":{"@type":"PropertyValueSpecification","valueRequired":true,"valueName":"search_term_string"}}],"inLanguage":"en-GB"}]}},"_links":{"self":[{"href":"https:\/\/hools.be\/index.php\/wp-json\/wp\/v2\/pages\/2587","targetHints":{"allow":["GET"]}}],"collection":[{"href":"https:\/\/hools.be\/index.php\/wp-json\/wp\/v2\/pages"}],"about":[{"href":"https:\/\/hools.be\/index.php\/wp-json\/wp\/v2\/types\/page"}],"author":[{"embeddable":true,"href":"https:\/\/hools.be\/index.php\/wp-json\/wp\/v2\/users\/1"}],"replies":[{"embeddable":true,"href":"https:\/\/hools.be\/index.php\/wp-json\/wp\/v2\/comments?post=2587"}],"version-history":[{"count":0,"href":"https:\/\/hools.be\/index.php\/wp-json\/wp\/v2\/pages\/2587\/revisions"}],"wp:attachment":[{"href":"https:\/\/hools.be\/index.php\/wp-json\/wp\/v2\/media?parent=2587"}],"curies":[{"name":"wp","href":"https:\/\/api.w.org\/{rel}","templated":true}]}}