{"id":27,"date":"2020-10-08T16:51:47","date_gmt":"2020-10-08T16:51:47","guid":{"rendered":"http:\/\/hools.be\/?page_id=27"},"modified":"2024-06-13T13:31:52","modified_gmt":"2024-06-13T13:31:52","slug":"exhibitions","status":"publish","type":"page","link":"https:\/\/hools.be\/index.php\/exhibitions\/","title":{"rendered":"exhibitions"},"content":{"rendered":"\r\n<div dir=\"auto\">\r\n<h4>2024 Exhibitions presenting the Zotte People series \/ Expos pr\u00e9sentant la s\u00e9rie Zotte People :<\/h4>\r\n<ul>\r\n<li>29-30 June 2024 : Galerie Verhaeren, espace Delvaux &#8211; Rue Grat\u00e8s 7, 1170 Watermael-Boitsfort<\/li>\r\n<li>13-15 September 2024 : Galerie l&#8217;Estampille &#8211; Rue de Pavie 75, 1000 Bruxelles<\/li>\r\n<\/ul>\r\n<\/div>\r\n<div dir=\"auto\">\r\n<p>2020: <br>Atelier 64 &#8211; 8-15 Mars 201 &#8211; New Series &#8220;Zotte People&#8221;<br>Expo avec Cristina Rodrigues (Peintures)<br>Vernissage Dimanche 8 Mars de 14h30 \u00e0 21h<br>Ouvert Mercredi 11\/3, Samedi 14\/3 et Dimanche 15\/3 de 14h30 \u00e0 21h<br>Go\u00fbter de cl\u00f4ture le Dimanche 15 Mars \u00e0 partir de 15h<br>64 rue de l&#8217;Abbaye 1050 Bruxelles<\/p>\r\n<div dir=\"auto\"><a href=\"https:\/\/www.icp.org\/exhibitions\/icpconcerned-global-images-for-global-crisis\" target=\"_blank\" rel=\"noopener noreferrer\">One picture on exhibition in New York, at the ICP \u2013 International Center of Photography<\/a><\/div>\r\n<div dir=\"auto\">So happy to have one of the 1000 worldwide pictures selected for their exhibition <a class=\"oajrlxb2 g5ia77u1 qu0x051f esr5mh6w e9989ue4 r7d6kgcz rq0escxv nhd2j8a9 nc684nl6 p7hjln8o kvgmc6g5 cxmmr5t8 oygrvhab hcukyx3x jb3vyjys rz4wbd8a qt6c0cv9 a8nywdso i1ao9s8h esuyzwwr f1sip0of lzcic4wl q66pz984 gpro0wi8 b1v8xokw\" tabindex=\"0\" role=\"link\" href=\"https:\/\/www.facebook.com\/hashtag\/icpconcernedglobal?__eep__=6&amp;__cft__[0]=AZV7PAbEmZDpGvLsX3MjBQtCn3f3WxBd9iQwO2GMhuBO7gfJDreKwzrBYeWtNHYiVT_o15P3Bk0ZM_Mfm6s98Oi9zD5J0bBOVZ5DwTOJIxu7ktkuwxEw1dSBA6SftFvphS2WMCzP6BIwWEfWJeaZKwG4&amp;__tn__=*NK-R\">#icpconcernedglobal<\/a> Global Images for Global Crisis<\/div>\r\n<p>&nbsp;<\/p>\r\n<p>Make Brussels Tof Again!<br>Schieven Regards III<br>With Eric Ostermann, H\u00e9l\u00e8ne Cook, Thomas Vanoost,Sophie Voituron, Patrice Niset &amp; Philippe Clabots<\/p>\r\n<p>Festival BAM!<br>La Roche en Ardennes<\/p>\r\n<p>https:\/\/www.facebook.com\/festivalbam\/<\/p>\r\n<hr>\r\n<p><br>2019:<br>Th\u00e9\u00e2tre National &#8211; Bruxelles &#8211; Festival XS &#8211; 14-16 Mars 2019 &#8211; Ordinary People<br>TH\u00c9\u00c2TRE \u2666 DANSE \u2666 CIRQUE \u2666 MARIONNETTES \u2666 THEATRE D&#8217;OBJETS \u2666 INSTALLATIONS<br>3 soir\u00e9es \u25aa 23 spectacles courts {5&#8242; \u00e0 25&#8242;}<\/p>\r\n<p>XS 2019 c\u2019est Inbal Yomtovian, Mich\u00e8le Noiret, Compagnie What&#8217;s up (H\u00e9lo\u00efse Meire, C\u00e9cile Hupin), Anne Thuot, Sara Sampelayo, Flore Herman, Cie One Shot, Cie. Tadam, Karine Ponties, Johanne Saunier, Mathieu Ma Fille Foundation, compagnie bak\u00e9lite, Jeanne Dandoy, Paola Pisciottano, Koenraad Tinel, Davis Freeman, Alexandra Badea, Piergiorgio Milano, Julia Perazzini, Elodie Do\u00f1aque, Fabian Fiorini, Ingrid Von Wantoch Rekowski, Jessica Gazon, Les Trash Croutes, Miss pom pom grrr<\/p>\r\n<p>https:\/\/www.theatrenational.be\/fr\/activities\/800-ordinary-people<\/p>\r\n<p>Les filles sages vont au paradis, les autres o\u00f9 elles veulent&#8230;<br>Tournai du 24 juin au 7 juillet<br>Info soon<\/p>\r\n<p>Festival BAM!<br>La Roche en Ardennes<br>27 Septembre 06 Octobre<br>https:\/\/www.facebook.com\/festivalbam\/<\/p>\r\n<p>SAC Salon Artistique de Charleroi \u00e0 Dampremy<br>7 &#8211; 8 Septembre 2019<\/p>\r\n<p>CEME Dampremy<br>Rue des Fran\u00e7ais 147<\/p>\r\n<p>Office du Tourisme Beauraing<br>16 &#8211; 31 October 2019<br>&#8220;d&#8217;Ardennes et d&#8217;Ailleurs&#8221;<\/p>\r\n<p>&nbsp;<\/p>\r\n<hr>\r\n<p>2018:<br>Moulin d&#8217;Arenberg &#8211; Centre Culturel de Rebecq &#8211; September &#8211; October 2018<br>Exhibition with Mirella Duprix &amp; Marie-Claire Gouat <br>facebook page www.facebook.com\/CentreCulturelRebecq <br>Vernissage : 7 Septembre 2018<\/p>\r\n<p>SAC 2018 &#8211; Salon Artistique Charleroi<br>Art Fair \/ Exhibition<br>29-30 Septembre 2018<br>https:\/\/www.facebook.com\/charleroisac\/ <br>http:\/\/www.exposac.be<\/p>\r\n<p>We Are Artists<br>30 Artists @ Cond&#8217;Or &#8211; Ave Toison d&#8217;Or 19 &#8211; Brussels<br>26 Avril &#8211; 6 Mai 2018<br>Vernissage : 26 Avril 2018<br>https:\/\/www.facebook.com\/waaweareartists\/<\/p>\r\n<p>Universit\u00e9 de Namur<br>Expo l&#8217;Art contre le Cancer &#8211; au profit de t\u00e9l\u00e9vie<br>11 janvier &#8211; 7 mars 2018<\/p>\r\n<p>Freebird Studio &#8211; Frameries<br>Expo Photo &#8211; &#8220;We Love People&#8221;<br>16 F\u00e9vrier &#8211; 3 Mars 2018<br>https:\/\/www.facebook.com\/events\/265602417308379\/<\/p>\r\n<p>Espace 7 &#8211; Li\u00e8ge <br>Exhibition with Babi AVELINO, Camille DE GEND and Beno\u00eet MEUNIER <br>17 March 2018 &#8211; Closing of exhibition<\/p>\r\n<p>13 Janvier 2018 &#8211; Workshop for beginners by Julian Hills<br>Place vieille montagne 7 &#8211; 4000 Li\u00e8ge<br>facebook page<br>http:\/\/www.espace7.be<\/p>\r\n<hr>\r\n<p>2017:<br>Espace 7 &#8211; Li\u00e8ge<br>Exhibition with Babi AVELINO, Camille DE GEND and Beno\u00eet MEUNIER<br>17-19 Novembre 2017 &#8211; Vernissage<br>Place vieille montagne 7 &#8211; 4000 Li\u00e8ge<br>facebook page<br>http:\/\/www.espace7.be<\/p>\r\n<p>&nbsp;<\/p>\r\n<p>Namur Art Troc Edition 2017<\/p>\r\n<p><br>3-5 Novembre 2017<br>Rue de l&#8217;Arsenal 10 \/ B-5000 Namur \/ Belgique<br>http:\/\/www.art-troc.be<\/p>\r\n<p>ArtHistory&#8230;l expo \/ ArtHistory Quievrain 2017<\/p>\r\n<p>27 Octobre &#8211; 29 Octobre 2017<br>Rue Grande 7380 Quievrain<br>https:\/\/www.facebook.com\/groups\/282068872291823\/<\/p>\r\n<p>Festival des Arts pour les Droits Humains d&#8217;Amnesty International (FADHA) 2017<br>Rockerill le 14 octobre 2017 Marchienne-au-Pont<\/p>\r\n<p>Challenge Miss &amp; Mister&#8217;art 2017 15\/09 &#8211; 17\/09<br>15\/06 &#8211; 01\/07<br>(Award : 1er prix de la photographie)<\/p>\r\n<p>Festival BAM! 2017 18\/08 &#8211; 03\/09<br>La Roche en Ardennes<br>Facebook page www.facebook.com\/festivalbam\/ website www.festivalbam.be<\/p>\r\n<p>Kultura Bruxelles (2 artists exhibition)<br>15\/06 &#8211; 01\/07<br>Facebook page \/\/ Facebook event<\/p>\r\n<p>EN CORPS LIBRES : f\u00e9vrier &#8211; mars 2017 (Group exhibition &#8211; &#8220;Ordinary People series&#8221;) <br>11 f\u00e9vrier &#8211; 12 mars 2017 Event sur Facebook<br>Moulin d&#8217;Arenberg &#8211; Centre Culturel de Rebecq<\/p>\r\n<p>Festival BAM! La Roche en Ardennes (Group exhibition &#8211; 10 photos) La Roche en Ardennes<\/p>\r\n<p>Du 9 au 18 Septembre 2016. Event sur Facebook \/ Online website<\/p>\r\n<p>des photos &#8220;Ordinary People&#8221;, accompagn\u00e9es par des textes descriptifs r\u00e9dig\u00e9s par Claire Veys.<\/p>\r\n<p>Expo de Rue (Solo exhibition &#8211; 25 photos)<br>quartier Jacques Brel, Jette, Bruxelles<br>du 16 Avril au 8 Mai 2016<\/p>\r\n<p>ITINERART : \u00ab quatri\u00e8me parcours d&#8217;artistes \u00bb avril 2016 (Group exhibition &#8211; 1 photo)<br>15, 16, 17 avril 2016<br>Maison des Artistes \u00e0 Anderlecht<\/p>\r\n<p>Festival BAM! La Roche en Ardennes (Group exhibition &#8211; 8 photos)<\/p>\r\n<p>La Roche en Ardennes<\/p>\r\n<p>September 11 &#8211; September 20 2015<\/p>\r\n<p>Centre Wellness Rue de Spa (Solo exhibition &#8211; 22 photos)<\/p>\r\n<p>Rue de Spa, 46 &#8211; 1000 Bruxelles<\/p>\r\n<p>December 4 2014 &#8211; January 3 2015<\/p>\r\n<p>Opening Thursday December 4 2014 from 6 to 10pm<\/p>\r\n<p>Expo Arna (Group exhibition &#8211; 8 photos)<\/p>\r\n<p>Centre Culturel de Woluw\u00e9-St-Pierre<\/p>\r\n<p>November 15-23 2014<\/p>\r\n<p>Opening Friday November 14 2014 from 7.30pm to 9.30pm<\/p>\r\n<p>Expo Nos Pilfs (solo exhibition 10 photos)<\/p>\r\n<p>Place de Brouck\u00e8re &#8211; 1000 Brussels<\/p>\r\n<p>December 2013<\/p>\r\n<\/div>\r\n","protected":false},"excerpt":{"rendered":"<p>2024 Exhibitions presenting the Zotte People series \/ Expos pr\u00e9sentant la s\u00e9rie Zotte People : 29-30 June 2024 : Galerie Verhaeren, espace Delvaux &#8211; Rue Grat\u00e8s 7, 1170 Watermael-Boitsfort 13-15 September 2024 : Galerie l&#8217;Estampille &#8211; Rue de Pavie 75, 1000 Bruxelles 2020: Atelier 64 &#8211; 8-15 Mars 201 &#8211; New Series &#8220;Zotte People&#8221;Expo avec &hellip; <\/p>\n<p class=\"link-more\"><a href=\"https:\/\/hools.be\/index.php\/exhibitions\/\" class=\"more-link\">Continue reading<span class=\"screen-reader-text\"> &#8220;exhibitions&#8221;<\/span><\/a><\/p>\n","protected":false},"author":1,"featured_media":0,"parent":0,"menu_order":0,"comment_status":"closed","ping_status":"closed","template":"","meta":{"passster_activate_protection":false,"passster_protect_child_pages":"","passster_protection_type":"password","passster_password":"","passster_activate_overwrite_defaults":"","passster_headline":"","passster_instruction":"","passster_placeholder":"","passster_button":"","passster_id":"","passster_activate_misc_settings":"","passster_redirect_url":"","passster_hide":"no","passster_area_shortcode":"","ngg_post_thumbnail":0,"slim_seo":{"title":"exhibitions","description":"2024 Exhibitions presenting the Zotte People series \/ Expos pr\u00e9sentant la s\u00e9rie Zotte People : 29-30 June 2024 : Galerie Verhaeren, espace Delvaux - Rue Grat\u00e8s"},"footnotes":""},"class_list":["post-27","page","type-page","status-publish","hentry"],"yoast_head":"<!-- This site is optimized with the Yoast SEO plugin v25.9 - https:\/\/yoast.com\/wordpress\/plugins\/seo\/ -->\n<title>exhibitions -<\/title>\n<meta name=\"robots\" content=\"index, follow, max-snippet:-1, max-image-preview:large, max-video-preview:-1\" \/>\n<link rel=\"canonical\" href=\"https:\/\/hools.be\/index.php\/exhibitions\/\" \/>\n<meta property=\"og:locale\" content=\"en_GB\" \/>\n<meta property=\"og:type\" content=\"article\" \/>\n<meta property=\"og:title\" content=\"exhibitions -\" \/>\n<meta property=\"og:description\" content=\"2024 Exhibitions presenting the Zotte People series \/ Expos pr\u00e9sentant la s\u00e9rie Zotte People : 29-30 June 2024 : Galerie Verhaeren, espace Delvaux &#8211; Rue Grat\u00e8s 7, 1170 Watermael-Boitsfort 13-15 September 2024 : Galerie l&#8217;Estampille &#8211; Rue de Pavie 75, 1000 Bruxelles 2020: Atelier 64 &#8211; 8-15 Mars 201 &#8211; New Series &#8220;Zotte People&#8221;Expo avec &hellip; Continue reading &quot;exhibitions&quot;\" \/>\n<meta property=\"og:url\" content=\"https:\/\/hools.be\/index.php\/exhibitions\/\" \/>\n<meta property=\"article:modified_time\" content=\"2024-06-13T13:31:52+00:00\" \/>\n<meta name=\"twitter:card\" content=\"summary_large_image\" \/>\n<meta name=\"twitter:label1\" content=\"Estimated reading time\" \/>\n\t<meta name=\"twitter:data1\" content=\"4 minutes\" \/>\n<script type=\"application\/ld+json\" class=\"yoast-schema-graph\">{\"@context\":\"https:\/\/schema.org\",\"@graph\":[{\"@type\":\"WebPage\",\"@id\":\"https:\/\/hools.be\/index.php\/exhibitions\/\",\"url\":\"https:\/\/hools.be\/index.php\/exhibitions\/\",\"name\":\"exhibitions -\",\"isPartOf\":{\"@id\":\"https:\/\/hools.be\/#website\"},\"datePublished\":\"2020-10-08T16:51:47+00:00\",\"dateModified\":\"2024-06-13T13:31:52+00:00\",\"breadcrumb\":{\"@id\":\"https:\/\/hools.be\/index.php\/exhibitions\/#breadcrumb\"},\"inLanguage\":\"en-GB\",\"potentialAction\":[{\"@type\":\"ReadAction\",\"target\":[\"https:\/\/hools.be\/index.php\/exhibitions\/\"]}]},{\"@type\":\"BreadcrumbList\",\"@id\":\"https:\/\/hools.be\/index.php\/exhibitions\/#breadcrumb\",\"itemListElement\":[{\"@type\":\"ListItem\",\"position\":1,\"name\":\"Home\",\"item\":\"https:\/\/hools.be\/\"},{\"@type\":\"ListItem\",\"position\":2,\"name\":\"exhibitions\"}]},{\"@type\":\"WebSite\",\"@id\":\"https:\/\/hools.be\/#website\",\"url\":\"https:\/\/hools.be\/\",\"name\":\"\",\"description\":\"hools  Julian Hills website\",\"potentialAction\":[{\"@type\":\"SearchAction\",\"target\":{\"@type\":\"EntryPoint\",\"urlTemplate\":\"https:\/\/hools.be\/?s={search_term_string}\"},\"query-input\":{\"@type\":\"PropertyValueSpecification\",\"valueRequired\":true,\"valueName\":\"search_term_string\"}}],\"inLanguage\":\"en-GB\"}]}<\/script>\n<!-- \/ Yoast SEO plugin. -->","yoast_head_json":{"title":"exhibitions -","robots":{"index":"index","follow":"follow","max-snippet":"max-snippet:-1","max-image-preview":"max-image-preview:large","max-video-preview":"max-video-preview:-1"},"canonical":"https:\/\/hools.be\/index.php\/exhibitions\/","og_locale":"en_GB","og_type":"article","og_title":"exhibitions -","og_description":"2024 Exhibitions presenting the Zotte People series \/ Expos pr\u00e9sentant la s\u00e9rie Zotte People : 29-30 June 2024 : Galerie Verhaeren, espace Delvaux &#8211; Rue Grat\u00e8s 7, 1170 Watermael-Boitsfort 13-15 September 2024 : Galerie l&#8217;Estampille &#8211; Rue de Pavie 75, 1000 Bruxelles 2020: Atelier 64 &#8211; 8-15 Mars 201 &#8211; New Series &#8220;Zotte People&#8221;Expo avec &hellip; Continue reading \"exhibitions\"","og_url":"https:\/\/hools.be\/index.php\/exhibitions\/","article_modified_time":"2024-06-13T13:31:52+00:00","twitter_card":"summary_large_image","twitter_misc":{"Estimated reading time":"4 minutes"},"schema":{"@context":"https:\/\/schema.org","@graph":[{"@type":"WebPage","@id":"https:\/\/hools.be\/index.php\/exhibitions\/","url":"https:\/\/hools.be\/index.php\/exhibitions\/","name":"exhibitions -","isPartOf":{"@id":"https:\/\/hools.be\/#website"},"datePublished":"2020-10-08T16:51:47+00:00","dateModified":"2024-06-13T13:31:52+00:00","breadcrumb":{"@id":"https:\/\/hools.be\/index.php\/exhibitions\/#breadcrumb"},"inLanguage":"en-GB","potentialAction":[{"@type":"ReadAction","target":["https:\/\/hools.be\/index.php\/exhibitions\/"]}]},{"@type":"BreadcrumbList","@id":"https:\/\/hools.be\/index.php\/exhibitions\/#breadcrumb","itemListElement":[{"@type":"ListItem","position":1,"name":"Home","item":"https:\/\/hools.be\/"},{"@type":"ListItem","position":2,"name":"exhibitions"}]},{"@type":"WebSite","@id":"https:\/\/hools.be\/#website","url":"https:\/\/hools.be\/","name":"","description":"hools  Julian Hills website","potentialAction":[{"@type":"SearchAction","target":{"@type":"EntryPoint","urlTemplate":"https:\/\/hools.be\/?s={search_term_string}"},"query-input":{"@type":"PropertyValueSpecification","valueRequired":true,"valueName":"search_term_string"}}],"inLanguage":"en-GB"}]}},"_links":{"self":[{"href":"https:\/\/hools.be\/index.php\/wp-json\/wp\/v2\/pages\/27","targetHints":{"allow":["GET"]}}],"collection":[{"href":"https:\/\/hools.be\/index.php\/wp-json\/wp\/v2\/pages"}],"about":[{"href":"https:\/\/hools.be\/index.php\/wp-json\/wp\/v2\/types\/page"}],"author":[{"embeddable":true,"href":"https:\/\/hools.be\/index.php\/wp-json\/wp\/v2\/users\/1"}],"replies":[{"embeddable":true,"href":"https:\/\/hools.be\/index.php\/wp-json\/wp\/v2\/comments?post=27"}],"version-history":[{"count":0,"href":"https:\/\/hools.be\/index.php\/wp-json\/wp\/v2\/pages\/27\/revisions"}],"wp:attachment":[{"href":"https:\/\/hools.be\/index.php\/wp-json\/wp\/v2\/media?parent=27"}],"curies":[{"name":"wp","href":"https:\/\/api.w.org\/{rel}","templated":true}]}}