{"id":4521,"date":"2023-10-28T13:30:50","date_gmt":"2023-10-28T13:30:50","guid":{"rendered":"https:\/\/hools.be\/?page_id=4521"},"modified":"2024-03-06T19:17:30","modified_gmt":"2024-03-06T19:17:30","slug":"oldup-a-liege","status":"publish","type":"page","link":"https:\/\/hools.be\/index.php\/oldup-a-liege\/","title":{"rendered":"Oldup a Liege"},"content":{"rendered":"<p>Le&nbsp;Gang des Vieux en Col\u00e8re<\/p>\n<p>Old Up \u00e0 Li\u00e8ge !<\/p>\n<p>Une tof journ\u00e9e avec des tof gens \ud83d\ude0a<br \/>\nOn rigole mais la revendication n&#8217;est pas pour rire ts\u00e9 !<br \/>\nNon \u00e0 la suppression du tarif senior unique \u00e0 7,80 \u20ac !<br \/>\nBouger c\u2019est la sant\u00e9 \u2013 merci SNCB !<br \/>\nCheveux gris, trains gratuits !<br \/>\nPour une vieillesse active, il faut pouvoir bouger !<br \/>\nPour les Vieilles et les Vieux, la mobilit\u00e9 est un droit humain essentiel.<br \/>\nPour visiter ses enfants et ses petits-enfants, rencontrer ses amis, entretenir sa curiosit\u00e9 intellectuelle, aller vers les jeunes et leur transmettre la m\u00e9moire, rejoindre des activit\u00e9s sociales diverses, d\u00e9couvrir des lieux nouveaux, en un mot vivre une retraite active et heureuse.<\/p>\n<p>merci Gang des Vieux en col\u00e8re<br \/>\n<a href=\"https:\/\/www.facebook.com\/Gang.des.Vieux.en.Colere\">https:\/\/www.facebook.com\/Gang.des.Vieux.en.Colere<\/a><\/p>\nngg_shortcode_0_placeholder\n","protected":false},"excerpt":{"rendered":"<p>Le&nbsp;Gang des Vieux en Col\u00e8re Old Up \u00e0 Li\u00e8ge ! Une tof journ\u00e9e avec des tof gens \ud83d\ude0a On rigole mais la revendication n&#8217;est pas pour rire ts\u00e9 ! Non \u00e0 la suppression du tarif senior unique \u00e0 7,80 \u20ac ! Bouger c\u2019est la sant\u00e9 \u2013 merci SNCB ! Cheveux gris, trains gratuits ! Pour &hellip; <\/p>\n<p class=\"link-more\"><a href=\"https:\/\/hools.be\/index.php\/oldup-a-liege\/\" class=\"more-link\">Continue reading<span class=\"screen-reader-text\"> &#8220;Oldup a Liege&#8221;<\/span><\/a><\/p>\n","protected":false},"author":1,"featured_media":0,"parent":0,"menu_order":0,"comment_status":"closed","ping_status":"closed","template":"","meta":{"passster_activate_protection":false,"passster_protect_child_pages":"","passster_protection_type":"password","passster_password":"","passster_activate_overwrite_defaults":"","passster_headline":"","passster_instruction":"","passster_placeholder":"","passster_button":"","passster_id":"","passster_activate_misc_settings":"","passster_redirect_url":"","passster_hide":"no","passster_area_shortcode":"","ngg_post_thumbnail":0,"slim_seo":{"title":"Oldup a Liege","description":"Le&nbsp;Gang des Vieux en Col\u00e8re Old Up \u00e0 Li\u00e8ge ! Une tof journ\u00e9e avec des tof gens \ud83d\ude0a On rigole mais la revendication n'est pas pour rire ts\u00e9 ! Non \u00e0 la suppres"},"footnotes":""},"class_list":["post-4521","page","type-page","status-publish","hentry"],"yoast_head":"<!-- This site is optimized with the Yoast SEO plugin v25.9 - https:\/\/yoast.com\/wordpress\/plugins\/seo\/ -->\n<title>Oldup a Liege -<\/title>\n<meta name=\"robots\" content=\"index, follow, max-snippet:-1, max-image-preview:large, max-video-preview:-1\" \/>\n<link rel=\"canonical\" href=\"https:\/\/hools.be\/index.php\/oldup-a-liege\/\" \/>\n<meta property=\"og:locale\" content=\"en_GB\" \/>\n<meta property=\"og:type\" content=\"article\" \/>\n<meta property=\"og:title\" content=\"Oldup a Liege -\" \/>\n<meta property=\"og:description\" content=\"Le&nbsp;Gang des Vieux en Col\u00e8re Old Up \u00e0 Li\u00e8ge ! Une tof journ\u00e9e avec des tof gens \ud83d\ude0a On rigole mais la revendication n&#8217;est pas pour rire ts\u00e9 ! Non \u00e0 la suppression du tarif senior unique \u00e0 7,80 \u20ac ! Bouger c\u2019est la sant\u00e9 \u2013 merci SNCB ! Cheveux gris, trains gratuits ! Pour &hellip; Continue reading &quot;Oldup a Liege&quot;\" \/>\n<meta property=\"og:url\" content=\"https:\/\/hools.be\/index.php\/oldup-a-liege\/\" \/>\n<meta property=\"article:modified_time\" content=\"2024-03-06T19:17:30+00:00\" \/>\n<meta name=\"twitter:card\" content=\"summary_large_image\" \/>\n<meta name=\"twitter:label1\" content=\"Estimated reading time\" \/>\n\t<meta name=\"twitter:data1\" content=\"1 minute\" \/>\n<script type=\"application\/ld+json\" class=\"yoast-schema-graph\">{\"@context\":\"https:\/\/schema.org\",\"@graph\":[{\"@type\":\"WebPage\",\"@id\":\"https:\/\/hools.be\/index.php\/oldup-a-liege\/\",\"url\":\"https:\/\/hools.be\/index.php\/oldup-a-liege\/\",\"name\":\"Oldup a Liege -\",\"isPartOf\":{\"@id\":\"https:\/\/hools.be\/#website\"},\"datePublished\":\"2023-10-28T13:30:50+00:00\",\"dateModified\":\"2024-03-06T19:17:30+00:00\",\"breadcrumb\":{\"@id\":\"https:\/\/hools.be\/index.php\/oldup-a-liege\/#breadcrumb\"},\"inLanguage\":\"en-GB\",\"potentialAction\":[{\"@type\":\"ReadAction\",\"target\":[\"https:\/\/hools.be\/index.php\/oldup-a-liege\/\"]}]},{\"@type\":\"BreadcrumbList\",\"@id\":\"https:\/\/hools.be\/index.php\/oldup-a-liege\/#breadcrumb\",\"itemListElement\":[{\"@type\":\"ListItem\",\"position\":1,\"name\":\"Home\",\"item\":\"https:\/\/hools.be\/\"},{\"@type\":\"ListItem\",\"position\":2,\"name\":\"Oldup a Liege\"}]},{\"@type\":\"WebSite\",\"@id\":\"https:\/\/hools.be\/#website\",\"url\":\"https:\/\/hools.be\/\",\"name\":\"\",\"description\":\"hools  Julian Hills website\",\"potentialAction\":[{\"@type\":\"SearchAction\",\"target\":{\"@type\":\"EntryPoint\",\"urlTemplate\":\"https:\/\/hools.be\/?s={search_term_string}\"},\"query-input\":{\"@type\":\"PropertyValueSpecification\",\"valueRequired\":true,\"valueName\":\"search_term_string\"}}],\"inLanguage\":\"en-GB\"}]}<\/script>\n<!-- \/ Yoast SEO plugin. -->","yoast_head_json":{"title":"Oldup a Liege -","robots":{"index":"index","follow":"follow","max-snippet":"max-snippet:-1","max-image-preview":"max-image-preview:large","max-video-preview":"max-video-preview:-1"},"canonical":"https:\/\/hools.be\/index.php\/oldup-a-liege\/","og_locale":"en_GB","og_type":"article","og_title":"Oldup a Liege -","og_description":"Le&nbsp;Gang des Vieux en Col\u00e8re Old Up \u00e0 Li\u00e8ge ! Une tof journ\u00e9e avec des tof gens \ud83d\ude0a On rigole mais la revendication n&#8217;est pas pour rire ts\u00e9 ! Non \u00e0 la suppression du tarif senior unique \u00e0 7,80 \u20ac ! Bouger c\u2019est la sant\u00e9 \u2013 merci SNCB ! Cheveux gris, trains gratuits ! Pour &hellip; Continue reading \"Oldup a Liege\"","og_url":"https:\/\/hools.be\/index.php\/oldup-a-liege\/","article_modified_time":"2024-03-06T19:17:30+00:00","twitter_card":"summary_large_image","twitter_misc":{"Estimated reading time":"1 minute"},"schema":{"@context":"https:\/\/schema.org","@graph":[{"@type":"WebPage","@id":"https:\/\/hools.be\/index.php\/oldup-a-liege\/","url":"https:\/\/hools.be\/index.php\/oldup-a-liege\/","name":"Oldup a Liege -","isPartOf":{"@id":"https:\/\/hools.be\/#website"},"datePublished":"2023-10-28T13:30:50+00:00","dateModified":"2024-03-06T19:17:30+00:00","breadcrumb":{"@id":"https:\/\/hools.be\/index.php\/oldup-a-liege\/#breadcrumb"},"inLanguage":"en-GB","potentialAction":[{"@type":"ReadAction","target":["https:\/\/hools.be\/index.php\/oldup-a-liege\/"]}]},{"@type":"BreadcrumbList","@id":"https:\/\/hools.be\/index.php\/oldup-a-liege\/#breadcrumb","itemListElement":[{"@type":"ListItem","position":1,"name":"Home","item":"https:\/\/hools.be\/"},{"@type":"ListItem","position":2,"name":"Oldup a Liege"}]},{"@type":"WebSite","@id":"https:\/\/hools.be\/#website","url":"https:\/\/hools.be\/","name":"","description":"hools  Julian Hills website","potentialAction":[{"@type":"SearchAction","target":{"@type":"EntryPoint","urlTemplate":"https:\/\/hools.be\/?s={search_term_string}"},"query-input":{"@type":"PropertyValueSpecification","valueRequired":true,"valueName":"search_term_string"}}],"inLanguage":"en-GB"}]}},"_links":{"self":[{"href":"https:\/\/hools.be\/index.php\/wp-json\/wp\/v2\/pages\/4521","targetHints":{"allow":["GET"]}}],"collection":[{"href":"https:\/\/hools.be\/index.php\/wp-json\/wp\/v2\/pages"}],"about":[{"href":"https:\/\/hools.be\/index.php\/wp-json\/wp\/v2\/types\/page"}],"author":[{"embeddable":true,"href":"https:\/\/hools.be\/index.php\/wp-json\/wp\/v2\/users\/1"}],"replies":[{"embeddable":true,"href":"https:\/\/hools.be\/index.php\/wp-json\/wp\/v2\/comments?post=4521"}],"version-history":[{"count":0,"href":"https:\/\/hools.be\/index.php\/wp-json\/wp\/v2\/pages\/4521\/revisions"}],"wp:attachment":[{"href":"https:\/\/hools.be\/index.php\/wp-json\/wp\/v2\/media?parent=4521"}],"curies":[{"name":"wp","href":"https:\/\/api.w.org\/{rel}","templated":true}]}}