{"id":47,"date":"2020-10-08T17:34:55","date_gmt":"2020-10-08T17:34:55","guid":{"rendered":"http:\/\/hools.be\/?page_id=47"},"modified":"2023-09-14T15:20:01","modified_gmt":"2023-09-14T15:20:01","slug":"terdelt-2020","status":"publish","type":"page","link":"https:\/\/hools.be\/index.php\/terdelt-2020\/","title":{"rendered":"Terdelt 2020"},"content":{"rendered":"<p>projet photographique Terdelt confin\u00e9<br \/>\nTerdelt confin\u00e9<\/p>\n<p>Pour cette s\u00e9rie de photos j&#8217;ai eu le plaisir de rencontrer beaucoup de mes voisins, dans notre quartier &#8220;Terdelt&#8221;.<br \/>\nJ&#8217;ai photographi\u00e9 ceux qui le souhaitaient et en voici une s\u00e9lection.<\/p>\n<p>Ces petits moments ont \u00e9t\u00e9 supers ! Quelques instants o\u00f9 on a presque oubli\u00e9 le confinement et nos soucis de covid.<br \/>\nUn grand grand merci \u00e0 toutes et tous ! Merci aussi \u00e0 l&#8217;association Terdelt sans qui ce projet n&#8217;aurait pas vu le jour<\/p>\n<p>For this series I have had the pleasure of meeting many of my neighbours in our &#8220;Terdelt&#8221; neighbourhood.<br \/>\nI photographed those who wished and here is a selection of the pictures. These little moments have been great!<br \/>\nSome moments where we almost forgot the confinement and our covid concerns.<br \/>\nMany thanks to all of you! Thanks also to the Terdelt association without whom this project would not have been possible.<\/p>\n<p>Voor deze reeks heb ik het genoegen gehad om veel van mijn buren in onze wijk Terdelt te ontmoeten.<br \/>\nIk fotografeerde degenen die dat wilden doen en hier is een selectie van hen. Deze kleine momenten zijn geweldig geweest!<br \/>\nOp sommige momenten vergaten we bijna de opsluiting en onze covide zorgen. Veel dank aan jullie allemaal!<br \/>\nOok dank aan de Terdelt vereniging zonder wie dit project niet mogelijk zou zijn geweest.<\/p>\n<p>With thanks to Ilse Van Deursen from who this project was inspired \ud83d\ude00<\/p>\n<p>&nbsp;<\/p>\nngg_shortcode_0_placeholder\n","protected":false},"excerpt":{"rendered":"<p>projet photographique Terdelt confin\u00e9 Terdelt confin\u00e9 Pour cette s\u00e9rie de photos j&#8217;ai eu le plaisir de rencontrer beaucoup de mes voisins, dans notre quartier &#8220;Terdelt&#8221;. J&#8217;ai photographi\u00e9 ceux qui le souhaitaient et en voici une s\u00e9lection. Ces petits moments ont \u00e9t\u00e9 supers ! Quelques instants o\u00f9 on a presque oubli\u00e9 le confinement et nos soucis &hellip; <\/p>\n<p class=\"link-more\"><a href=\"https:\/\/hools.be\/index.php\/terdelt-2020\/\" class=\"more-link\">Continue reading<span class=\"screen-reader-text\"> &#8220;Terdelt 2020&#8221;<\/span><\/a><\/p>\n","protected":false},"author":1,"featured_media":0,"parent":0,"menu_order":0,"comment_status":"closed","ping_status":"closed","template":"","meta":{"passster_activate_protection":false,"passster_protect_child_pages":"","passster_protection_type":"password","passster_password":"","passster_activate_overwrite_defaults":"","passster_headline":"","passster_instruction":"","passster_placeholder":"","passster_button":"","passster_id":"","passster_activate_misc_settings":"","passster_redirect_url":"","passster_hide":"no","passster_area_shortcode":"","ngg_post_thumbnail":0,"slim_seo":{"title":"Terdelt 2020","description":"projet photographique Terdelt confin\u00e9 Terdelt confin\u00e9 Pour cette s\u00e9rie de photos j'ai eu le plaisir de rencontrer beaucoup de mes voisins, dans notre quartier \""},"footnotes":""},"class_list":["post-47","page","type-page","status-publish","hentry"],"yoast_head":"<!-- This site is optimized with the Yoast SEO plugin v25.9 - https:\/\/yoast.com\/wordpress\/plugins\/seo\/ -->\n<title>Terdelt 2020 -<\/title>\n<meta name=\"description\" content=\"projet photographique Terdelt confin\u00e9 - photos from lockdown\" \/>\n<meta name=\"robots\" content=\"index, follow, max-snippet:-1, max-image-preview:large, max-video-preview:-1\" \/>\n<link rel=\"canonical\" href=\"https:\/\/hools.be\/index.php\/terdelt-2020\/\" \/>\n<meta property=\"og:locale\" content=\"en_GB\" \/>\n<meta property=\"og:type\" content=\"article\" \/>\n<meta property=\"og:title\" content=\"Terdelt 2020 -\" \/>\n<meta property=\"og:description\" content=\"projet photographique Terdelt confin\u00e9 - photos from lockdown\" \/>\n<meta property=\"og:url\" content=\"https:\/\/hools.be\/index.php\/terdelt-2020\/\" \/>\n<meta property=\"article:modified_time\" content=\"2023-09-14T15:20:01+00:00\" \/>\n<meta name=\"twitter:card\" content=\"summary_large_image\" \/>\n<meta name=\"twitter:label1\" content=\"Estimated reading time\" \/>\n\t<meta name=\"twitter:data1\" content=\"2 minutes\" \/>\n<script type=\"application\/ld+json\" class=\"yoast-schema-graph\">{\"@context\":\"https:\/\/schema.org\",\"@graph\":[{\"@type\":\"WebPage\",\"@id\":\"https:\/\/hools.be\/index.php\/terdelt-2020\/\",\"url\":\"https:\/\/hools.be\/index.php\/terdelt-2020\/\",\"name\":\"Terdelt 2020 -\",\"isPartOf\":{\"@id\":\"https:\/\/hools.be\/#website\"},\"datePublished\":\"2020-10-08T17:34:55+00:00\",\"dateModified\":\"2023-09-14T15:20:01+00:00\",\"description\":\"projet photographique Terdelt confin\u00e9 - photos from lockdown\",\"breadcrumb\":{\"@id\":\"https:\/\/hools.be\/index.php\/terdelt-2020\/#breadcrumb\"},\"inLanguage\":\"en-GB\",\"potentialAction\":[{\"@type\":\"ReadAction\",\"target\":[\"https:\/\/hools.be\/index.php\/terdelt-2020\/\"]}]},{\"@type\":\"BreadcrumbList\",\"@id\":\"https:\/\/hools.be\/index.php\/terdelt-2020\/#breadcrumb\",\"itemListElement\":[{\"@type\":\"ListItem\",\"position\":1,\"name\":\"Home\",\"item\":\"https:\/\/hools.be\/\"},{\"@type\":\"ListItem\",\"position\":2,\"name\":\"Terdelt 2020\"}]},{\"@type\":\"WebSite\",\"@id\":\"https:\/\/hools.be\/#website\",\"url\":\"https:\/\/hools.be\/\",\"name\":\"\",\"description\":\"hools  Julian Hills website\",\"potentialAction\":[{\"@type\":\"SearchAction\",\"target\":{\"@type\":\"EntryPoint\",\"urlTemplate\":\"https:\/\/hools.be\/?s={search_term_string}\"},\"query-input\":{\"@type\":\"PropertyValueSpecification\",\"valueRequired\":true,\"valueName\":\"search_term_string\"}}],\"inLanguage\":\"en-GB\"}]}<\/script>\n<!-- \/ Yoast SEO plugin. -->","yoast_head_json":{"title":"Terdelt 2020 -","description":"projet photographique Terdelt confin\u00e9 - photos from lockdown","robots":{"index":"index","follow":"follow","max-snippet":"max-snippet:-1","max-image-preview":"max-image-preview:large","max-video-preview":"max-video-preview:-1"},"canonical":"https:\/\/hools.be\/index.php\/terdelt-2020\/","og_locale":"en_GB","og_type":"article","og_title":"Terdelt 2020 -","og_description":"projet photographique Terdelt confin\u00e9 - photos from lockdown","og_url":"https:\/\/hools.be\/index.php\/terdelt-2020\/","article_modified_time":"2023-09-14T15:20:01+00:00","twitter_card":"summary_large_image","twitter_misc":{"Estimated reading time":"2 minutes"},"schema":{"@context":"https:\/\/schema.org","@graph":[{"@type":"WebPage","@id":"https:\/\/hools.be\/index.php\/terdelt-2020\/","url":"https:\/\/hools.be\/index.php\/terdelt-2020\/","name":"Terdelt 2020 -","isPartOf":{"@id":"https:\/\/hools.be\/#website"},"datePublished":"2020-10-08T17:34:55+00:00","dateModified":"2023-09-14T15:20:01+00:00","description":"projet photographique Terdelt confin\u00e9 - photos from lockdown","breadcrumb":{"@id":"https:\/\/hools.be\/index.php\/terdelt-2020\/#breadcrumb"},"inLanguage":"en-GB","potentialAction":[{"@type":"ReadAction","target":["https:\/\/hools.be\/index.php\/terdelt-2020\/"]}]},{"@type":"BreadcrumbList","@id":"https:\/\/hools.be\/index.php\/terdelt-2020\/#breadcrumb","itemListElement":[{"@type":"ListItem","position":1,"name":"Home","item":"https:\/\/hools.be\/"},{"@type":"ListItem","position":2,"name":"Terdelt 2020"}]},{"@type":"WebSite","@id":"https:\/\/hools.be\/#website","url":"https:\/\/hools.be\/","name":"","description":"hools  Julian Hills website","potentialAction":[{"@type":"SearchAction","target":{"@type":"EntryPoint","urlTemplate":"https:\/\/hools.be\/?s={search_term_string}"},"query-input":{"@type":"PropertyValueSpecification","valueRequired":true,"valueName":"search_term_string"}}],"inLanguage":"en-GB"}]}},"_links":{"self":[{"href":"https:\/\/hools.be\/index.php\/wp-json\/wp\/v2\/pages\/47","targetHints":{"allow":["GET"]}}],"collection":[{"href":"https:\/\/hools.be\/index.php\/wp-json\/wp\/v2\/pages"}],"about":[{"href":"https:\/\/hools.be\/index.php\/wp-json\/wp\/v2\/types\/page"}],"author":[{"embeddable":true,"href":"https:\/\/hools.be\/index.php\/wp-json\/wp\/v2\/users\/1"}],"replies":[{"embeddable":true,"href":"https:\/\/hools.be\/index.php\/wp-json\/wp\/v2\/comments?post=47"}],"version-history":[{"count":0,"href":"https:\/\/hools.be\/index.php\/wp-json\/wp\/v2\/pages\/47\/revisions"}],"wp:attachment":[{"href":"https:\/\/hools.be\/index.php\/wp-json\/wp\/v2\/media?parent=47"}],"curies":[{"name":"wp","href":"https:\/\/api.w.org\/{rel}","templated":true}]}}