{"id":49,"date":"2020-10-08T17:34:55","date_gmt":"2020-10-08T17:34:55","guid":{"rendered":"http:\/\/hools.be\/?page_id=49"},"modified":"2025-02-05T18:22:04","modified_gmt":"2025-02-05T18:22:04","slug":"zotte-people","status":"publish","type":"page","link":"https:\/\/hools.be\/index.php\/zotte-people\/","title":{"rendered":"Zotte People"},"content":{"rendered":"<h2><img loading=\"lazy\" decoding=\"async\" class=\"alignnone wp-image-6039\" src=\"https:\/\/hools.be\/wp-content\/uploads\/2024\/06\/theadventures.png\" alt=\"Theadventures\" width=\"524\" height=\"66\" srcset=\"https:\/\/hools.be\/wp-content\/uploads\/2024\/06\/theadventures.png 800w, https:\/\/hools.be\/wp-content\/uploads\/2024\/06\/theadventures-300x38.png 300w, https:\/\/hools.be\/wp-content\/uploads\/2024\/06\/theadventures-768x96.png 768w\" sizes=\"auto, (max-width: 524px) 100vw, 524px\" \/><\/h2>\n<p><img loading=\"lazy\" decoding=\"async\" class=\"alignnone wp-image-5990 size-large\" src=\"https:\/\/hools.be\/wp-content\/uploads\/2024\/06\/Couverture-pour-site2-1024x614.jpg\" alt=\"Cover With Personas\" width=\"525\" height=\"315\" srcset=\"https:\/\/hools.be\/wp-content\/uploads\/2024\/06\/Couverture-pour-site2-1024x614.jpg 1024w, https:\/\/hools.be\/wp-content\/uploads\/2024\/06\/Couverture-pour-site2-300x180.jpg 300w, https:\/\/hools.be\/wp-content\/uploads\/2024\/06\/Couverture-pour-site2-768x461.jpg 768w, https:\/\/hools.be\/wp-content\/uploads\/2024\/06\/Couverture-pour-site2-1536x922.jpg 1536w, https:\/\/hools.be\/wp-content\/uploads\/2024\/06\/Couverture-pour-site2.jpg 2000w\" sizes=\"auto, (max-width: 525px) 100vw, 525px\" \/><\/p>\n<p class=\"s2\">We knew Martine at the sea, Martine on the farm, Martine in the forest&#8230; But did you know Jo and Juju?<br \/>\nIn the countryside, at the restaurant, in the lab, they posed everywhere. Seated, standing, outside, inside, lit up, dressed up, wild, all to cultivate, snapshot after snapshot, that grain of silliness that characterizes them. Also to remind us how good it is to laugh and remember!<br \/>\nTo stop everywhere, to pose perhaps for posterity, but above all for complicity. The one that has been built over the years, that this series immortalizes for our greatest pleasure.<br \/>\nZotte Bonnie, Zotte Clyde, know that we never tire of your adventures! That we want more and more of your stories with a taste of madness that remind us that we can laugh about everything, with everyone!<\/p>\n<p class=\"s2\">On connaissait Martine \u00e0 la mer, Martine \u00e0 la ferme, Martine en for\u00eat\u2026 Mais connaissiez-vous Jo et Juju ?<br \/>\nA la campagne, au resto, au labo, ils ont pos\u00e9 partout. Assis, debout, au dehors, au dedans, allum\u00e9s, costum\u00e9s, d\u00e9jant\u00e9s, histoire de cultiver, clich\u00e9 apr\u00e8s clich\u00e9, ce grain de zottise qui les caract\u00e9rise. Histoire aussi de nous rappeler comme il est bon de rire et de se souvenir !<br \/>\nDe s\u2019arr\u00eater un peu partout, de poser pour la post\u00e9rit\u00e9 peut-\u00eatre, mais surtout pour la complicit\u00e9. Celle qui s\u2019est construite au fil des ans, que cette s\u00e9rie immortalise pour notre plus grand plaisir.<br \/>\nZotte Bonnie, Zotte Clyde, sachez qu\u2019on ne se lasse pas de vos aventures ! Qu\u2019on en veut encore et encore de vos stories au go\u00fbt follie qui nous rappellent qu\u2019on peut rire de tout, avec tout le monde !<\/p>\n<p class=\"s2\">We kennen Tinny aan zee, Tinny op de boerderij, Tinny &nbsp;in het bos&#8230; Maar kennen jullie Jo en Juju ?<br \/>\nOp het platteland, in het restaurant, in het laboratorium, Jo en Juju poseerden overal. Zittend, staand, buiten, binnen, verkleed, uitgelaten, altijd met dat korreltje humor\/gekheid &nbsp;dat hen kenmerkt . Jo en Juju doen ons eraan herinneren hoe goed het is om te lachen ! Overal eens stil te staan, misschien voor het nageslacht te poseren, maar vooral hoe belangrijk samenhorigheid is, een gevoel dat in de in de loop der jaren is opgebouwd. Die &nbsp;samenhorigheid wordt in deze serie voor ons vereeuwigd.<br \/>\nZotte Bonnie, Zotte Clyde, weet dat we nooit genoeg krijgen van jullie avonturen !<br \/>\nDat we meer en meer willen van jullie verhalen met een vleugje waanzin. Gezonde gekheid die ons eraan herinnert dat we over alles kunnen lachen, met iedereen!<\/p>\n<p class=\"s2\"><em>Presentation by Nathalie Masset<\/em><\/p>\n<hr>\n<h2>I want my copy!<\/h2>\n<p>\ud83d\udcda Own the Book and Make a Difference!<br \/>\nThe photo book is available for 20\u20ac, with 15\u20ac from each sale going to charities that I care about.<br \/>\nBy purchasing the book, you\u2019re not only supporting my work but also contributing to meaningful causes!&nbsp;<br \/>\n5\u20ac will go to <a href=\"https:\/\/www.diogenes.brussels\/\">Diogenes asbl<\/a>, a support service for homeless individuals in the Brussels-Capital Region. Through street outreach work, its aim is to build bridges between the street and the rest of society.&nbsp;<br \/>\n5\u20ac will go to Notre Abri asbl, a specialized shelter for young children aged 0 to 6. These are generally children placed as a last resort when their physical, psychological, or emotional safety is at risk.<br \/>\n5\u20ac will go to Au-del\u00e0 des Nuages asbl, a non-profit organization that supports parents experiencing perinatal grief through photography.<br \/>\nIt provides a tangible memory and guidance for parents during their first difficult moments.<\/p>\n<p>Just write a simple email to me giving your name and address : <a href=\"mailto:hills.julian@gmail.com\">hills.julian@gmail.com&nbsp;<\/a><br \/>\nI will send you my bank account number and as soon as its paid I&#8217;ll post your copy.<br \/>\n80 pages \/ 34 crazy pictures \/ 20,00 \u20ac + 5,00 \u20ac postage<\/p>\n<h3>Je veux mon exemplaire !<\/h3>\n<p>\ud83d\udcda Procurez-vous le livre et faites une diff\u00e9rence !<br \/>\nLe livre photo est disponible au prix de 20\u20ac, dont 15\u20ac par vente seront revers\u00e9s \u00e0 des associations qui me tiennent \u00e0 c\u0153ur.<br \/>\nEn achetant ce livre, vous soutenez mon travail tout en contribuant \u00e0 des causes importantes !<\/p>\n<p>Voici comment vos contributions seront r\u00e9parties :<br \/>\n5\u20ac pour Diogenes asbl : Un service d\u2019aide aux sans-abris dans la R\u00e9gion de Bruxelles-Capitale, visant \u00e0 construire des ponts entre la rue et la soci\u00e9t\u00e9 gr\u00e2ce au travail de rue.<br \/>\n5\u20ac pour Notre Abri asbl : Un refuge sp\u00e9cialis\u00e9 pour les enfants de 0 \u00e0 6 ans, accueillant ceux dont la s\u00e9curit\u00e9 physique, psychique ou affective est en danger.<br \/>\n5\u20ac pour Au-del\u00e0 des Nuages asbl : Une association qui soutient les parents vivant un deuil p\u00e9rinatal en leur offrant des souvenirs tangibles et un accompagnement photographique.<\/p>\n<p>Il vous suffit de m&#8217;\u00e9crire un simple email en indiquant votre nom et votre adresse : <a href=\"mailto:hills.julian@gmail.com\">hills.julian@gmail.com<\/a><br \/>\nJe vous enverrai mon compte bancaire et d\u00e8s qu&#8217;il sera pay\u00e9, je vous enverrai votre copie.&nbsp;<br \/>\n80 pages \/ 34 zotte images \/ 20,00 \u20ac + 5,00 \u20ac frais d&#8217;envoi<\/p>\n<h3>Ik wil mijn exemplaar!<\/h3>\n<p>Stuur me gewoon een e-mail met je naam en adres: <a href=\"mailto:hills.julian@gmail.com\">hills.julian@gmail.com<\/a><br \/>\nIk zal je mijn bankrekening sturen en zodra het betaald is zal ik je exemplaar opsturen.<br \/>\n80 pagina&#8217;s \/ 34 gekke foto&#8217;s \/ 20,00 \u20ac + 5,00 \u20ac verzendkosten<\/p>\n<hr>\n<p>Here are a the pictures pictures- voici les images &#8211; hier zijn de beelden<\/p>\nngg_shortcode_0_placeholder\n<h2>&nbsp;<\/h2>\n<h4>Exhibitions presenting the series \/ Expos pr\u00e9sentant la s\u00e9rie :<\/h4>\n<ul>\n<li>29-30 June 2024 : Galerie Verhaeren, espace Delvaux &#8211; Rue Grat\u00e8s 7, 1170 Watermael-Boitsfort<\/li>\n<li>13-15 September 2024 : Galerie l&#8217;Estampille &#8211; Rue de Pavie 75, 1000 Bruxelles<\/li>\n<\/ul>\n<p>&nbsp;<\/p>\n","protected":false},"excerpt":{"rendered":"<p>We knew Martine at the sea, Martine on the farm, Martine in the forest&#8230; But did you know Jo and Juju? In the countryside, at the restaurant, in the lab, they posed everywhere. Seated, standing, outside, inside, lit up, dressed up, wild, all to cultivate, snapshot after snapshot, that grain of silliness that characterizes them. &hellip; <\/p>\n<p class=\"link-more\"><a href=\"https:\/\/hools.be\/index.php\/zotte-people\/\" class=\"more-link\">Continue reading<span class=\"screen-reader-text\"> &#8220;Zotte People&#8221;<\/span><\/a><\/p>\n","protected":false},"author":1,"featured_media":0,"parent":0,"menu_order":0,"comment_status":"closed","ping_status":"closed","template":"","meta":{"passster_activate_protection":false,"passster_protect_child_pages":"","passster_protection_type":"password","passster_password":"","passster_activate_overwrite_defaults":"","passster_headline":"","passster_instruction":"","passster_placeholder":"","passster_button":"","passster_id":"","passster_activate_misc_settings":"","passster_redirect_url":"","passster_hide":"no","passster_area_shortcode":"","ngg_post_thumbnail":0,"slim_seo":{"title":"Zotte People","description":"We knew Martine at the sea, Martine on the farm, Martine in the forest... But did you know Jo and Juju? In the countryside, at the restaurant, in the lab, they"},"footnotes":""},"class_list":["post-49","page","type-page","status-publish","hentry"],"yoast_head":"<!-- This site is optimized with the Yoast SEO plugin v25.9 - https:\/\/yoast.com\/wordpress\/plugins\/seo\/ -->\n<title>Zotte People -<\/title>\n<meta name=\"robots\" content=\"index, follow, max-snippet:-1, max-image-preview:large, max-video-preview:-1\" \/>\n<link rel=\"canonical\" href=\"https:\/\/hools.be\/index.php\/zotte-people\/\" \/>\n<meta property=\"og:locale\" content=\"en_GB\" \/>\n<meta property=\"og:type\" content=\"article\" \/>\n<meta property=\"og:title\" content=\"Zotte People -\" \/>\n<meta property=\"og:description\" content=\"We knew Martine at the sea, Martine on the farm, Martine in the forest&#8230; But did you know Jo and Juju? In the countryside, at the restaurant, in the lab, they posed everywhere. Seated, standing, outside, inside, lit up, dressed up, wild, all to cultivate, snapshot after snapshot, that grain of silliness that characterizes them. &hellip; Continue reading &quot;Zotte People&quot;\" \/>\n<meta property=\"og:url\" content=\"https:\/\/hools.be\/index.php\/zotte-people\/\" \/>\n<meta property=\"article:modified_time\" content=\"2025-02-05T18:22:04+00:00\" \/>\n<meta property=\"og:image\" content=\"https:\/\/hools.be\/wp-content\/uploads\/2024\/06\/theadventures.png\" \/>\n\t<meta property=\"og:image:width\" content=\"800\" \/>\n\t<meta property=\"og:image:height\" content=\"100\" \/>\n\t<meta property=\"og:image:type\" content=\"image\/png\" \/>\n<meta name=\"twitter:card\" content=\"summary_large_image\" \/>\n<meta name=\"twitter:label1\" content=\"Estimated reading time\" \/>\n\t<meta name=\"twitter:data1\" content=\"5 minutes\" \/>\n<script type=\"application\/ld+json\" class=\"yoast-schema-graph\">{\"@context\":\"https:\/\/schema.org\",\"@graph\":[{\"@type\":\"WebPage\",\"@id\":\"https:\/\/hools.be\/index.php\/zotte-people\/\",\"url\":\"https:\/\/hools.be\/index.php\/zotte-people\/\",\"name\":\"Zotte People -\",\"isPartOf\":{\"@id\":\"https:\/\/hools.be\/#website\"},\"primaryImageOfPage\":{\"@id\":\"https:\/\/hools.be\/index.php\/zotte-people\/#primaryimage\"},\"image\":{\"@id\":\"https:\/\/hools.be\/index.php\/zotte-people\/#primaryimage\"},\"thumbnailUrl\":\"https:\/\/hools.be\/wp-content\/uploads\/2024\/06\/theadventures.png\",\"datePublished\":\"2020-10-08T17:34:55+00:00\",\"dateModified\":\"2025-02-05T18:22:04+00:00\",\"breadcrumb\":{\"@id\":\"https:\/\/hools.be\/index.php\/zotte-people\/#breadcrumb\"},\"inLanguage\":\"en-GB\",\"potentialAction\":[{\"@type\":\"ReadAction\",\"target\":[\"https:\/\/hools.be\/index.php\/zotte-people\/\"]}]},{\"@type\":\"ImageObject\",\"inLanguage\":\"en-GB\",\"@id\":\"https:\/\/hools.be\/index.php\/zotte-people\/#primaryimage\",\"url\":\"https:\/\/hools.be\/wp-content\/uploads\/2024\/06\/theadventures.png\",\"contentUrl\":\"https:\/\/hools.be\/wp-content\/uploads\/2024\/06\/theadventures.png\",\"width\":800,\"height\":100,\"caption\":\"Theadventures\"},{\"@type\":\"BreadcrumbList\",\"@id\":\"https:\/\/hools.be\/index.php\/zotte-people\/#breadcrumb\",\"itemListElement\":[{\"@type\":\"ListItem\",\"position\":1,\"name\":\"Home\",\"item\":\"https:\/\/hools.be\/\"},{\"@type\":\"ListItem\",\"position\":2,\"name\":\"Zotte People\"}]},{\"@type\":\"WebSite\",\"@id\":\"https:\/\/hools.be\/#website\",\"url\":\"https:\/\/hools.be\/\",\"name\":\"\",\"description\":\"hools  Julian Hills website\",\"potentialAction\":[{\"@type\":\"SearchAction\",\"target\":{\"@type\":\"EntryPoint\",\"urlTemplate\":\"https:\/\/hools.be\/?s={search_term_string}\"},\"query-input\":{\"@type\":\"PropertyValueSpecification\",\"valueRequired\":true,\"valueName\":\"search_term_string\"}}],\"inLanguage\":\"en-GB\"}]}<\/script>\n<!-- \/ Yoast SEO plugin. -->","yoast_head_json":{"title":"Zotte People -","robots":{"index":"index","follow":"follow","max-snippet":"max-snippet:-1","max-image-preview":"max-image-preview:large","max-video-preview":"max-video-preview:-1"},"canonical":"https:\/\/hools.be\/index.php\/zotte-people\/","og_locale":"en_GB","og_type":"article","og_title":"Zotte People -","og_description":"We knew Martine at the sea, Martine on the farm, Martine in the forest&#8230; But did you know Jo and Juju? In the countryside, at the restaurant, in the lab, they posed everywhere. Seated, standing, outside, inside, lit up, dressed up, wild, all to cultivate, snapshot after snapshot, that grain of silliness that characterizes them. &hellip; Continue reading \"Zotte People\"","og_url":"https:\/\/hools.be\/index.php\/zotte-people\/","article_modified_time":"2025-02-05T18:22:04+00:00","og_image":[{"width":800,"height":100,"url":"https:\/\/hools.be\/wp-content\/uploads\/2024\/06\/theadventures.png","type":"image\/png"}],"twitter_card":"summary_large_image","twitter_misc":{"Estimated reading time":"5 minutes"},"schema":{"@context":"https:\/\/schema.org","@graph":[{"@type":"WebPage","@id":"https:\/\/hools.be\/index.php\/zotte-people\/","url":"https:\/\/hools.be\/index.php\/zotte-people\/","name":"Zotte People -","isPartOf":{"@id":"https:\/\/hools.be\/#website"},"primaryImageOfPage":{"@id":"https:\/\/hools.be\/index.php\/zotte-people\/#primaryimage"},"image":{"@id":"https:\/\/hools.be\/index.php\/zotte-people\/#primaryimage"},"thumbnailUrl":"https:\/\/hools.be\/wp-content\/uploads\/2024\/06\/theadventures.png","datePublished":"2020-10-08T17:34:55+00:00","dateModified":"2025-02-05T18:22:04+00:00","breadcrumb":{"@id":"https:\/\/hools.be\/index.php\/zotte-people\/#breadcrumb"},"inLanguage":"en-GB","potentialAction":[{"@type":"ReadAction","target":["https:\/\/hools.be\/index.php\/zotte-people\/"]}]},{"@type":"ImageObject","inLanguage":"en-GB","@id":"https:\/\/hools.be\/index.php\/zotte-people\/#primaryimage","url":"https:\/\/hools.be\/wp-content\/uploads\/2024\/06\/theadventures.png","contentUrl":"https:\/\/hools.be\/wp-content\/uploads\/2024\/06\/theadventures.png","width":800,"height":100,"caption":"Theadventures"},{"@type":"BreadcrumbList","@id":"https:\/\/hools.be\/index.php\/zotte-people\/#breadcrumb","itemListElement":[{"@type":"ListItem","position":1,"name":"Home","item":"https:\/\/hools.be\/"},{"@type":"ListItem","position":2,"name":"Zotte People"}]},{"@type":"WebSite","@id":"https:\/\/hools.be\/#website","url":"https:\/\/hools.be\/","name":"","description":"hools  Julian Hills website","potentialAction":[{"@type":"SearchAction","target":{"@type":"EntryPoint","urlTemplate":"https:\/\/hools.be\/?s={search_term_string}"},"query-input":{"@type":"PropertyValueSpecification","valueRequired":true,"valueName":"search_term_string"}}],"inLanguage":"en-GB"}]}},"_links":{"self":[{"href":"https:\/\/hools.be\/index.php\/wp-json\/wp\/v2\/pages\/49","targetHints":{"allow":["GET"]}}],"collection":[{"href":"https:\/\/hools.be\/index.php\/wp-json\/wp\/v2\/pages"}],"about":[{"href":"https:\/\/hools.be\/index.php\/wp-json\/wp\/v2\/types\/page"}],"author":[{"embeddable":true,"href":"https:\/\/hools.be\/index.php\/wp-json\/wp\/v2\/users\/1"}],"replies":[{"embeddable":true,"href":"https:\/\/hools.be\/index.php\/wp-json\/wp\/v2\/comments?post=49"}],"version-history":[{"count":0,"href":"https:\/\/hools.be\/index.php\/wp-json\/wp\/v2\/pages\/49\/revisions"}],"wp:attachment":[{"href":"https:\/\/hools.be\/index.php\/wp-json\/wp\/v2\/media?parent=49"}],"curies":[{"name":"wp","href":"https:\/\/api.w.org\/{rel}","templated":true}]}}