{"id":6955,"date":"2025-01-10T18:10:02","date_gmt":"2025-01-10T18:10:02","guid":{"rendered":"https:\/\/hools.be\/?page_id=6955"},"modified":"2025-01-10T18:22:39","modified_gmt":"2025-01-10T18:22:39","slug":"nos-pilifs-2023","status":"publish","type":"page","link":"https:\/\/hools.be\/index.php\/nos-pilifs-2023\/","title":{"rendered":"Nos Pilifs 2023"},"content":{"rendered":"<p>La Ferme Nos Pilifs est une entreprise de travail adapt\u00e9; elle emploie 145 personnes en situation de handicap.<\/p>\n<div class=\"et_pb_row et_pb_row_1\">\n<div class=\"et_pb_column et_pb_column_4_4 et_pb_column_2 et_pb_css_mix_blend_mode_passthrough et-last-child\">\n<div class=\"et_pb_module et_pb_text et_pb_text_2 et_pb_text_align_justified et_pb_bg_layout_light\">\n<div class=\"et_pb_text_inner\">\n<p>J&#8217;avais fait un premier reportage en 2013 et c&#8217;\u00e9tait une joie de m&#8217;y promener \u00e0 nouveau !<\/p>\n<\/div>\nngg_shortcode_0_placeholder<\/div>\n<\/div>\n<p>&nbsp;<\/p>\n<hr>\n<p><a href=\"https:\/\/hools.be\/index.php\/nospilifs2023-galeries\/\" rel=\"\">-&gt; Toutes les galeries Nos Pilifs 2023<\/a><\/p>\n<\/div>\n","protected":false},"excerpt":{"rendered":"<p>La Ferme Nos Pilifs est une entreprise de travail adapt\u00e9; elle emploie 145 personnes en situation de handicap. J&#8217;avais fait un premier reportage en 2013 et c&#8217;\u00e9tait une joie de m&#8217;y promener \u00e0 nouveau ! &nbsp; -&gt; Toutes les galeries Nos Pilifs 2023<\/p>\n","protected":false},"author":1,"featured_media":0,"parent":0,"menu_order":0,"comment_status":"closed","ping_status":"closed","template":"","meta":{"passster_activate_protection":false,"passster_protect_child_pages":"","passster_protection_type":"password","passster_password":"","passster_activate_overwrite_defaults":"","passster_headline":"","passster_instruction":"","passster_placeholder":"","passster_button":"","passster_id":"","passster_activate_misc_settings":"","passster_redirect_url":"","passster_hide":"no","passster_area_shortcode":"","ngg_post_thumbnail":0,"slim_seo":{"title":"Nos Pilifs 2023","description":"La Ferme Nos Pilifs est une entreprise de travail adapt\u00e9; elle emploie 145 personnes en situation de handicap. J'avais fait un premier reportage en 2013 et c'\u00e9t"},"footnotes":""},"class_list":["post-6955","page","type-page","status-publish","hentry"],"yoast_head":"<!-- This site is optimized with the Yoast SEO plugin v25.9 - https:\/\/yoast.com\/wordpress\/plugins\/seo\/ -->\n<title>Nos Pilifs 2023 -<\/title>\n<meta name=\"robots\" content=\"index, follow, max-snippet:-1, max-image-preview:large, max-video-preview:-1\" \/>\n<link rel=\"canonical\" href=\"https:\/\/hools.be\/index.php\/nos-pilifs-2023\/\" \/>\n<meta property=\"og:locale\" content=\"en_GB\" \/>\n<meta property=\"og:type\" content=\"article\" \/>\n<meta property=\"og:title\" content=\"Nos Pilifs 2023 -\" \/>\n<meta property=\"og:description\" content=\"La Ferme Nos Pilifs est une entreprise de travail adapt\u00e9; elle emploie 145 personnes en situation de handicap. J&#8217;avais fait un premier reportage en 2013 et c&#8217;\u00e9tait une joie de m&#8217;y promener \u00e0 nouveau ! &nbsp; -&gt; Toutes les galeries Nos Pilifs 2023\" \/>\n<meta property=\"og:url\" content=\"https:\/\/hools.be\/index.php\/nos-pilifs-2023\/\" \/>\n<meta property=\"article:modified_time\" content=\"2025-01-10T18:22:39+00:00\" \/>\n<meta name=\"twitter:card\" content=\"summary_large_image\" \/>\n<meta name=\"twitter:label1\" content=\"Estimated reading time\" \/>\n\t<meta name=\"twitter:data1\" content=\"1 minute\" \/>\n<script type=\"application\/ld+json\" class=\"yoast-schema-graph\">{\"@context\":\"https:\/\/schema.org\",\"@graph\":[{\"@type\":\"WebPage\",\"@id\":\"https:\/\/hools.be\/index.php\/nos-pilifs-2023\/\",\"url\":\"https:\/\/hools.be\/index.php\/nos-pilifs-2023\/\",\"name\":\"Nos Pilifs 2023 -\",\"isPartOf\":{\"@id\":\"https:\/\/hools.be\/#website\"},\"datePublished\":\"2025-01-10T18:10:02+00:00\",\"dateModified\":\"2025-01-10T18:22:39+00:00\",\"breadcrumb\":{\"@id\":\"https:\/\/hools.be\/index.php\/nos-pilifs-2023\/#breadcrumb\"},\"inLanguage\":\"en-GB\",\"potentialAction\":[{\"@type\":\"ReadAction\",\"target\":[\"https:\/\/hools.be\/index.php\/nos-pilifs-2023\/\"]}]},{\"@type\":\"BreadcrumbList\",\"@id\":\"https:\/\/hools.be\/index.php\/nos-pilifs-2023\/#breadcrumb\",\"itemListElement\":[{\"@type\":\"ListItem\",\"position\":1,\"name\":\"Home\",\"item\":\"https:\/\/hools.be\/\"},{\"@type\":\"ListItem\",\"position\":2,\"name\":\"Nos Pilifs 2023\"}]},{\"@type\":\"WebSite\",\"@id\":\"https:\/\/hools.be\/#website\",\"url\":\"https:\/\/hools.be\/\",\"name\":\"\",\"description\":\"hools  Julian Hills website\",\"potentialAction\":[{\"@type\":\"SearchAction\",\"target\":{\"@type\":\"EntryPoint\",\"urlTemplate\":\"https:\/\/hools.be\/?s={search_term_string}\"},\"query-input\":{\"@type\":\"PropertyValueSpecification\",\"valueRequired\":true,\"valueName\":\"search_term_string\"}}],\"inLanguage\":\"en-GB\"}]}<\/script>\n<!-- \/ Yoast SEO plugin. -->","yoast_head_json":{"title":"Nos Pilifs 2023 -","robots":{"index":"index","follow":"follow","max-snippet":"max-snippet:-1","max-image-preview":"max-image-preview:large","max-video-preview":"max-video-preview:-1"},"canonical":"https:\/\/hools.be\/index.php\/nos-pilifs-2023\/","og_locale":"en_GB","og_type":"article","og_title":"Nos Pilifs 2023 -","og_description":"La Ferme Nos Pilifs est une entreprise de travail adapt\u00e9; elle emploie 145 personnes en situation de handicap. J&#8217;avais fait un premier reportage en 2013 et c&#8217;\u00e9tait une joie de m&#8217;y promener \u00e0 nouveau ! &nbsp; -&gt; Toutes les galeries Nos Pilifs 2023","og_url":"https:\/\/hools.be\/index.php\/nos-pilifs-2023\/","article_modified_time":"2025-01-10T18:22:39+00:00","twitter_card":"summary_large_image","twitter_misc":{"Estimated reading time":"1 minute"},"schema":{"@context":"https:\/\/schema.org","@graph":[{"@type":"WebPage","@id":"https:\/\/hools.be\/index.php\/nos-pilifs-2023\/","url":"https:\/\/hools.be\/index.php\/nos-pilifs-2023\/","name":"Nos Pilifs 2023 -","isPartOf":{"@id":"https:\/\/hools.be\/#website"},"datePublished":"2025-01-10T18:10:02+00:00","dateModified":"2025-01-10T18:22:39+00:00","breadcrumb":{"@id":"https:\/\/hools.be\/index.php\/nos-pilifs-2023\/#breadcrumb"},"inLanguage":"en-GB","potentialAction":[{"@type":"ReadAction","target":["https:\/\/hools.be\/index.php\/nos-pilifs-2023\/"]}]},{"@type":"BreadcrumbList","@id":"https:\/\/hools.be\/index.php\/nos-pilifs-2023\/#breadcrumb","itemListElement":[{"@type":"ListItem","position":1,"name":"Home","item":"https:\/\/hools.be\/"},{"@type":"ListItem","position":2,"name":"Nos Pilifs 2023"}]},{"@type":"WebSite","@id":"https:\/\/hools.be\/#website","url":"https:\/\/hools.be\/","name":"","description":"hools  Julian Hills website","potentialAction":[{"@type":"SearchAction","target":{"@type":"EntryPoint","urlTemplate":"https:\/\/hools.be\/?s={search_term_string}"},"query-input":{"@type":"PropertyValueSpecification","valueRequired":true,"valueName":"search_term_string"}}],"inLanguage":"en-GB"}]}},"_links":{"self":[{"href":"https:\/\/hools.be\/index.php\/wp-json\/wp\/v2\/pages\/6955","targetHints":{"allow":["GET"]}}],"collection":[{"href":"https:\/\/hools.be\/index.php\/wp-json\/wp\/v2\/pages"}],"about":[{"href":"https:\/\/hools.be\/index.php\/wp-json\/wp\/v2\/types\/page"}],"author":[{"embeddable":true,"href":"https:\/\/hools.be\/index.php\/wp-json\/wp\/v2\/users\/1"}],"replies":[{"embeddable":true,"href":"https:\/\/hools.be\/index.php\/wp-json\/wp\/v2\/comments?post=6955"}],"version-history":[{"count":0,"href":"https:\/\/hools.be\/index.php\/wp-json\/wp\/v2\/pages\/6955\/revisions"}],"wp:attachment":[{"href":"https:\/\/hools.be\/index.php\/wp-json\/wp\/v2\/media?parent=6955"}],"curies":[{"name":"wp","href":"https:\/\/api.w.org\/{rel}","templated":true}]}}