{"id":7825,"date":"2025-06-19T06:40:24","date_gmt":"2025-06-19T06:40:24","guid":{"rendered":"https:\/\/hools.be\/?page_id=7825"},"modified":"2025-06-19T06:58:42","modified_gmt":"2025-06-19T06:58:42","slug":"music-pour-gaza","status":"publish","type":"page","link":"https:\/\/hools.be\/index.php\/music-pour-gaza\/","title":{"rendered":"Music pour Gaza"},"content":{"rendered":"<p><img loading=\"lazy\" decoding=\"async\" class=\"alignnone size-full wp-image-7826\" src=\"https:\/\/hools.be\/wp-content\/uploads\/2025\/06\/music4Gaza.jpg\" alt=\"Music4gaza\" width=\"450\" height=\"300\"><\/p>\n<div class=\"xdj266r x14z9mp xat24cr x1lziwak x1vvkbs\">Depuis le d\u00e9but de la guerre \u00e0 Gaza, on compte des dizaines de milliers de mort\u00b7es, et sans doute un nombre encore plus important d&#8217;orphelin\u00b7es.<\/div>\n<div class=\"x14z9mp xat24cr x1lziwak x1vvkbs xtlvy1s\">Central r\u00e9pond \u00e0 l&#8217;appel d&#8217;associations, de citoyen\u00b7nes sensibilis\u00e9\u00b7es \u00e0 la situation de la population gazaouie, et en particulier des enfants victimes de la guerre, en accueillant au Th\u00e9\u00e2tre un grand \u00e9v\u00e8nement musical et festif caritatif, avec la complicit\u00e9 d&#8217;artistes de chez nous, et au Grain de Sel, un repas solidaire.<\/div>\n<div class=\"x14z9mp xat24cr x1lziwak x1vvkbs xtlvy1s\">CONCERT \u00e0 16:00 au Th\u00e9\u00e2tre<br class=\"html-br\">\u1d00\u0274 \u1d18\u026a\u1d07\u0280\u029f\u00e9 \u00b7 \u1d00\u0274\u1d1b\u1d0f\u026a\u0274\u1d07 \u1d00\u0280\u1d0d\u1d07\u1d05\u1d00\u0274 \u00b7 \u0299\u1d07\u0274\u0274\u026a \u00b7 \u1d05\u1d00\u1d00\u0274 \u00b7 \u1d05\u1d00\u0274 \ua731\u1d00\u0274 \u00b7 \ua730\u0280\u1d00\u0274\u00e7\u1d0f\u026a\u1d22 \u0299\u0280\u1d07\u1d1c\u1d1b \u00b7 \u1d0a\u1d00\u1d21\u029c\u1d00\u0280 \u00b7 \u1d0a\u1d1c\u0262 \u00b7 \u029f\u1d00 \u1d0d\u1d00\u0274\u1d04\u029c\u1d00 \ua730\u1d07\u1d00\u1d1b. \u0299\u1d00\u1d05\u026a &amp; \u0262\u029c\u1d00\u029f\u026a\u1d00 \u0299\u1d07\u0274\u1d00\u029f\u026a \u00b7 \u1d0d\u1d0f\u1d1c\u1d20&#8217; \u00b7 \u1d0f\u0280\u029f\u1d00\u0274\u1d07 \u00b7 \u0274\u026a\u1d04\u1d0f\u029f\u1d00\ua731 \u1d0d\u026a\u1d04\u029c\u1d00\u1d1cx \u00b7 \u0274\u1d0f\u00e9 \u1d18\u0280\u1d07\ua731\u1d22\u1d0f\u1d21 \u00b7 \u0280\u1d1c\u1d07 \u1d05\u1d07 \u029f\u1d00 \u1d20\u026a\u1d04\u1d1b\u1d0f\u026a\u0280\u1d07 (\u1d1c\u0274\u026a\u1d0f\u0274 \u1d05\u1d07\ua731 \u1d18\u0280\u1d0f\u0262\u0280\u1d07\ua731\ua731\u026a\ua731\u1d1b\u1d07\ua731 \u1d0a\u1d1c\u026a\ua730\ua731 \u1d05\u1d07 \u0299\u1d07\u029f\u0262\u026a\u01eb\u1d1c\u1d07) \u00b7 \ua731\u1d00\u1d1c\u029f\u1d07 \u00b7 \ua731\u1d1b\u1d07\ua730 \u1d0b\u1d00\u1d0d\u026a\u029f \u1d04\u1d00\u0280\u029f\u1d07\u0274\ua731<\/div>\n<div>&nbsp;<\/div>\nngg_shortcode_0_placeholder\n<div>&nbsp;<\/div>\n","protected":false},"excerpt":{"rendered":"<p>Depuis le d\u00e9but de la guerre \u00e0 Gaza, on compte des dizaines de milliers de mort\u00b7es, et sans doute un nombre encore plus important d&#8217;orphelin\u00b7es. Central r\u00e9pond \u00e0 l&#8217;appel d&#8217;associations, de citoyen\u00b7nes sensibilis\u00e9\u00b7es \u00e0 la situation de la population gazaouie, et en particulier des enfants victimes de la guerre, en accueillant au Th\u00e9\u00e2tre un grand &hellip; <\/p>\n<p class=\"link-more\"><a href=\"https:\/\/hools.be\/index.php\/music-pour-gaza\/\" class=\"more-link\">Continue reading<span class=\"screen-reader-text\"> &#8220;Music pour Gaza&#8221;<\/span><\/a><\/p>\n","protected":false},"author":1,"featured_media":0,"parent":0,"menu_order":0,"comment_status":"closed","ping_status":"closed","template":"","meta":{"passster_activate_protection":false,"passster_protect_child_pages":"","passster_protection_type":"password","passster_password":"","passster_activate_overwrite_defaults":"","passster_headline":"","passster_instruction":"","passster_placeholder":"","passster_button":"","passster_id":"","passster_activate_misc_settings":"","passster_redirect_url":"","passster_hide":"no","passster_area_shortcode":"","ngg_post_thumbnail":0,"slim_seo":{"title":"Music pour Gaza","description":"Depuis le d\u00e9but de la guerre \u00e0 Gaza, on compte des dizaines de milliers de mort\u00b7es, et sans doute un nombre encore plus important d'orphelin\u00b7es. Central r\u00e9pond"},"footnotes":""},"class_list":["post-7825","page","type-page","status-publish","hentry"],"yoast_head":"<!-- This site is optimized with the Yoast SEO plugin v25.9 - https:\/\/yoast.com\/wordpress\/plugins\/seo\/ -->\n<title>Music pour Gaza -<\/title>\n<meta name=\"robots\" content=\"index, follow, max-snippet:-1, max-image-preview:large, max-video-preview:-1\" \/>\n<link rel=\"canonical\" href=\"https:\/\/hools.be\/index.php\/music-pour-gaza\/\" \/>\n<meta property=\"og:locale\" content=\"en_GB\" \/>\n<meta property=\"og:type\" content=\"article\" \/>\n<meta property=\"og:title\" content=\"Music pour Gaza -\" \/>\n<meta property=\"og:description\" content=\"Depuis le d\u00e9but de la guerre \u00e0 Gaza, on compte des dizaines de milliers de mort\u00b7es, et sans doute un nombre encore plus important d&#8217;orphelin\u00b7es. Central r\u00e9pond \u00e0 l&#8217;appel d&#8217;associations, de citoyen\u00b7nes sensibilis\u00e9\u00b7es \u00e0 la situation de la population gazaouie, et en particulier des enfants victimes de la guerre, en accueillant au Th\u00e9\u00e2tre un grand &hellip; Continue reading &quot;Music pour Gaza&quot;\" \/>\n<meta property=\"og:url\" content=\"https:\/\/hools.be\/index.php\/music-pour-gaza\/\" \/>\n<meta property=\"article:modified_time\" content=\"2025-06-19T06:58:42+00:00\" \/>\n<meta property=\"og:image\" content=\"https:\/\/hools.be\/wp-content\/uploads\/2025\/06\/music4Gaza.jpg\" \/>\n\t<meta property=\"og:image:width\" content=\"2048\" \/>\n\t<meta property=\"og:image:height\" content=\"1072\" \/>\n\t<meta property=\"og:image:type\" content=\"image\/jpeg\" \/>\n<meta name=\"twitter:card\" content=\"summary_large_image\" \/>\n<meta name=\"twitter:label1\" content=\"Estimated reading time\" \/>\n\t<meta name=\"twitter:data1\" content=\"1 minute\" \/>\n<script type=\"application\/ld+json\" class=\"yoast-schema-graph\">{\"@context\":\"https:\/\/schema.org\",\"@graph\":[{\"@type\":\"WebPage\",\"@id\":\"https:\/\/hools.be\/index.php\/music-pour-gaza\/\",\"url\":\"https:\/\/hools.be\/index.php\/music-pour-gaza\/\",\"name\":\"Music pour Gaza -\",\"isPartOf\":{\"@id\":\"https:\/\/hools.be\/#website\"},\"primaryImageOfPage\":{\"@id\":\"https:\/\/hools.be\/index.php\/music-pour-gaza\/#primaryimage\"},\"image\":{\"@id\":\"https:\/\/hools.be\/index.php\/music-pour-gaza\/#primaryimage\"},\"thumbnailUrl\":\"https:\/\/hools.be\/wp-content\/uploads\/2025\/06\/music4Gaza.jpg\",\"datePublished\":\"2025-06-19T06:40:24+00:00\",\"dateModified\":\"2025-06-19T06:58:42+00:00\",\"breadcrumb\":{\"@id\":\"https:\/\/hools.be\/index.php\/music-pour-gaza\/#breadcrumb\"},\"inLanguage\":\"en-GB\",\"potentialAction\":[{\"@type\":\"ReadAction\",\"target\":[\"https:\/\/hools.be\/index.php\/music-pour-gaza\/\"]}]},{\"@type\":\"ImageObject\",\"inLanguage\":\"en-GB\",\"@id\":\"https:\/\/hools.be\/index.php\/music-pour-gaza\/#primaryimage\",\"url\":\"https:\/\/hools.be\/wp-content\/uploads\/2025\/06\/music4Gaza.jpg\",\"contentUrl\":\"https:\/\/hools.be\/wp-content\/uploads\/2025\/06\/music4Gaza.jpg\",\"width\":2048,\"height\":1072,\"caption\":\"Music4gaza\"},{\"@type\":\"BreadcrumbList\",\"@id\":\"https:\/\/hools.be\/index.php\/music-pour-gaza\/#breadcrumb\",\"itemListElement\":[{\"@type\":\"ListItem\",\"position\":1,\"name\":\"Home\",\"item\":\"https:\/\/hools.be\/\"},{\"@type\":\"ListItem\",\"position\":2,\"name\":\"Music pour Gaza\"}]},{\"@type\":\"WebSite\",\"@id\":\"https:\/\/hools.be\/#website\",\"url\":\"https:\/\/hools.be\/\",\"name\":\"\",\"description\":\"hools  Julian Hills website\",\"potentialAction\":[{\"@type\":\"SearchAction\",\"target\":{\"@type\":\"EntryPoint\",\"urlTemplate\":\"https:\/\/hools.be\/?s={search_term_string}\"},\"query-input\":{\"@type\":\"PropertyValueSpecification\",\"valueRequired\":true,\"valueName\":\"search_term_string\"}}],\"inLanguage\":\"en-GB\"}]}<\/script>\n<!-- \/ Yoast SEO plugin. -->","yoast_head_json":{"title":"Music pour Gaza -","robots":{"index":"index","follow":"follow","max-snippet":"max-snippet:-1","max-image-preview":"max-image-preview:large","max-video-preview":"max-video-preview:-1"},"canonical":"https:\/\/hools.be\/index.php\/music-pour-gaza\/","og_locale":"en_GB","og_type":"article","og_title":"Music pour Gaza -","og_description":"Depuis le d\u00e9but de la guerre \u00e0 Gaza, on compte des dizaines de milliers de mort\u00b7es, et sans doute un nombre encore plus important d&#8217;orphelin\u00b7es. Central r\u00e9pond \u00e0 l&#8217;appel d&#8217;associations, de citoyen\u00b7nes sensibilis\u00e9\u00b7es \u00e0 la situation de la population gazaouie, et en particulier des enfants victimes de la guerre, en accueillant au Th\u00e9\u00e2tre un grand &hellip; Continue reading \"Music pour Gaza\"","og_url":"https:\/\/hools.be\/index.php\/music-pour-gaza\/","article_modified_time":"2025-06-19T06:58:42+00:00","og_image":[{"width":2048,"height":1072,"url":"https:\/\/hools.be\/wp-content\/uploads\/2025\/06\/music4Gaza.jpg","type":"image\/jpeg"}],"twitter_card":"summary_large_image","twitter_misc":{"Estimated reading time":"1 minute"},"schema":{"@context":"https:\/\/schema.org","@graph":[{"@type":"WebPage","@id":"https:\/\/hools.be\/index.php\/music-pour-gaza\/","url":"https:\/\/hools.be\/index.php\/music-pour-gaza\/","name":"Music pour Gaza -","isPartOf":{"@id":"https:\/\/hools.be\/#website"},"primaryImageOfPage":{"@id":"https:\/\/hools.be\/index.php\/music-pour-gaza\/#primaryimage"},"image":{"@id":"https:\/\/hools.be\/index.php\/music-pour-gaza\/#primaryimage"},"thumbnailUrl":"https:\/\/hools.be\/wp-content\/uploads\/2025\/06\/music4Gaza.jpg","datePublished":"2025-06-19T06:40:24+00:00","dateModified":"2025-06-19T06:58:42+00:00","breadcrumb":{"@id":"https:\/\/hools.be\/index.php\/music-pour-gaza\/#breadcrumb"},"inLanguage":"en-GB","potentialAction":[{"@type":"ReadAction","target":["https:\/\/hools.be\/index.php\/music-pour-gaza\/"]}]},{"@type":"ImageObject","inLanguage":"en-GB","@id":"https:\/\/hools.be\/index.php\/music-pour-gaza\/#primaryimage","url":"https:\/\/hools.be\/wp-content\/uploads\/2025\/06\/music4Gaza.jpg","contentUrl":"https:\/\/hools.be\/wp-content\/uploads\/2025\/06\/music4Gaza.jpg","width":2048,"height":1072,"caption":"Music4gaza"},{"@type":"BreadcrumbList","@id":"https:\/\/hools.be\/index.php\/music-pour-gaza\/#breadcrumb","itemListElement":[{"@type":"ListItem","position":1,"name":"Home","item":"https:\/\/hools.be\/"},{"@type":"ListItem","position":2,"name":"Music pour Gaza"}]},{"@type":"WebSite","@id":"https:\/\/hools.be\/#website","url":"https:\/\/hools.be\/","name":"","description":"hools  Julian Hills website","potentialAction":[{"@type":"SearchAction","target":{"@type":"EntryPoint","urlTemplate":"https:\/\/hools.be\/?s={search_term_string}"},"query-input":{"@type":"PropertyValueSpecification","valueRequired":true,"valueName":"search_term_string"}}],"inLanguage":"en-GB"}]}},"_links":{"self":[{"href":"https:\/\/hools.be\/index.php\/wp-json\/wp\/v2\/pages\/7825","targetHints":{"allow":["GET"]}}],"collection":[{"href":"https:\/\/hools.be\/index.php\/wp-json\/wp\/v2\/pages"}],"about":[{"href":"https:\/\/hools.be\/index.php\/wp-json\/wp\/v2\/types\/page"}],"author":[{"embeddable":true,"href":"https:\/\/hools.be\/index.php\/wp-json\/wp\/v2\/users\/1"}],"replies":[{"embeddable":true,"href":"https:\/\/hools.be\/index.php\/wp-json\/wp\/v2\/comments?post=7825"}],"version-history":[{"count":3,"href":"https:\/\/hools.be\/index.php\/wp-json\/wp\/v2\/pages\/7825\/revisions"}],"predecessor-version":[{"id":7936,"href":"https:\/\/hools.be\/index.php\/wp-json\/wp\/v2\/pages\/7825\/revisions\/7936"}],"wp:attachment":[{"href":"https:\/\/hools.be\/index.php\/wp-json\/wp\/v2\/media?parent=7825"}],"curies":[{"name":"wp","href":"https:\/\/api.w.org\/{rel}","templated":true}]}}